{"id":574,"date":"2024-09-29T09:26:42","date_gmt":"2024-09-29T09:26:42","guid":{"rendered":"https:\/\/bkosi-nada-pozega.hr\/?page_id=574"},"modified":"2024-09-29T09:26:42","modified_gmt":"2024-09-29T09:26:42","slug":"novosti-2","status":"publish","type":"page","link":"https:\/\/bkosi-nada-pozega.hr\/index.php\/novosti-2\/","title":{"rendered":"Novosti"},"content":{"rendered":"\n<div class=\"wp-block-group alignfull has-global-padding is-content-justification-center is-layout-constrained wp-container-core-group-is-layout-df757ecc wp-block-group-is-layout-constrained\" style=\"margin-top:0;margin-bottom:0;padding-top:calc( 0.5 * var(--wp--style--root--padding-right, var(--wp--custom--gap--horizontal)));padding-right:var(--wp--style--root--padding-right, var(--wp--custom--gap--horizontal));padding-bottom:calc( 0.5 * var(--wp--style--root--padding-right, var(--wp--custom--gap--horizontal)));padding-left:var(--wp--style--root--padding-left, var(--wp--custom--gap--horizontal))\">\n<div style=\"height:calc( 0.25 * var(--wp--style--root--padding-right, var(--wp--custom--gap--horizontal)))\" aria-hidden=\"true\" class=\"wp-block-spacer\"><\/div>\n\n\n\n<div class=\"wp-block-group alignfull has-global-padding is-content-justification-center is-layout-constrained wp-container-core-group-is-layout-df757ecc wp-block-group-is-layout-constrained\" style=\"margin-top:0;margin-bottom:0;padding-top:calc( 0.5 * var(--wp--style--root--padding-right, var(--wp--custom--gap--horizontal)));padding-right:var(--wp--style--root--padding-right, var(--wp--custom--gap--horizontal));padding-bottom:calc( 0.5 * var(--wp--style--root--padding-right, var(--wp--custom--gap--horizontal)));padding-left:var(--wp--style--root--padding-left, var(--wp--custom--gap--horizontal))\">\n<div data-wp-context=\"{}\" data-wp-interactive=\"core\/query\" data-wp-key=\"9\" data-wp-router-region=\"query-9\" class=\"wp-block-query alignwide is-layout-flow wp-block-query-is-layout-flow\"><ul class=\"wp-block-post-template is-layout-flow wp-container-core-post-template-is-layout-09c064ec wp-block-post-template-is-layout-flow\"><li data-wp-key=\"post-template-item-1130\" class=\"wp-block-post post-1130 post type-post status-publish format-standard has-post-thumbnail hentry category-uncategorized\">\n\n<div class=\"wp-block-columns is-layout-flex wp-container-core-columns-is-layout-658170e2 wp-block-columns-is-layout-flex\">\n<div class=\"wp-block-column is-layout-flow wp-block-column-is-layout-flow\" style=\"flex-basis:40%\"><figure style=\"aspect-ratio:4\/3;\" class=\"wp-block-post-featured-image\"><a href=\"https:\/\/bkosi-nada-pozega.hr\/index.php\/2026\/04\/21\/matej-pernar-osvaja-broncu-u-zadru\/\" target=\"_self\"  ><img loading=\"lazy\" decoding=\"async\" width=\"2560\" height=\"1920\" src=\"https:\/\/bkosi-nada-pozega.hr\/wp-content\/uploads\/2026\/04\/WH6A9317-1-scaled.jpg\" class=\"attachment-post-thumbnail size-post-thumbnail wp-post-image\" alt=\"Matej Pernar osvaja broncu u Zadru\" style=\"width:100%;height:100%;object-fit:cover;\" srcset=\"https:\/\/bkosi-nada-pozega.hr\/wp-content\/uploads\/2026\/04\/WH6A9317-1-scaled.jpg 2560w, https:\/\/bkosi-nada-pozega.hr\/wp-content\/uploads\/2026\/04\/WH6A9317-1-300x225.jpg 300w, https:\/\/bkosi-nada-pozega.hr\/wp-content\/uploads\/2026\/04\/WH6A9317-1-1024x768.jpg 1024w, https:\/\/bkosi-nada-pozega.hr\/wp-content\/uploads\/2026\/04\/WH6A9317-1-768x576.jpg 768w, https:\/\/bkosi-nada-pozega.hr\/wp-content\/uploads\/2026\/04\/WH6A9317-1-1536x1152.jpg 1536w, https:\/\/bkosi-nada-pozega.hr\/wp-content\/uploads\/2026\/04\/WH6A9317-1-2048x1536.jpg 2048w, https:\/\/bkosi-nada-pozega.hr\/wp-content\/uploads\/2026\/04\/WH6A9317-1-1200x900.jpg 1200w, https:\/\/bkosi-nada-pozega.hr\/wp-content\/uploads\/2026\/04\/WH6A9317-1-800x600.jpg 800w, https:\/\/bkosi-nada-pozega.hr\/wp-content\/uploads\/2026\/04\/WH6A9317-1-600x450.jpg 600w, https:\/\/bkosi-nada-pozega.hr\/wp-content\/uploads\/2026\/04\/WH6A9317-1-400x300.jpg 400w, https:\/\/bkosi-nada-pozega.hr\/wp-content\/uploads\/2026\/04\/WH6A9317-1-200x150.jpg 200w\" sizes=\"auto, (max-width: 2560px) 100vw, 2560px\" \/><\/a><\/figure><\/div>\n\n\n\n<div class=\"wp-block-column is-vertically-aligned-center is-layout-flow wp-block-column-is-layout-flow\" style=\"flex-basis:60%\">\n<div class=\"wp-block-group has-global-padding is-content-justification-left is-layout-constrained wp-container-core-group-is-layout-0effa23f wp-block-group-is-layout-constrained\"><h3 class=\"has-text-align-left no-underline wp-block-post-title has-large-font-size\"><a href=\"https:\/\/bkosi-nada-pozega.hr\/index.php\/2026\/04\/21\/matej-pernar-osvaja-broncu-u-zadru\/\" target=\"_self\" >Matej Pernar osvaja broncu u Zadru<\/a><\/h3>\n\n<div class=\"wp-block-post-date has-small-font-size\"><time datetime=\"2026-04-21T10:05:11+00:00\">April 21, 2026<\/time><\/div>\n\n\n<div style=\"height:var(--wp--preset--spacing--10)\" aria-hidden=\"true\" class=\"wp-block-spacer\"><\/div>\n\n\n<div class=\"wp-block-post-excerpt\"><p class=\"wp-block-post-excerpt__excerpt\">ARASPORTSKI BOCCIA KLUB NADA PO\u017dEGA sudjelovao je u drugom Prvenstvenom turniru Hrvatske u Boccia sportu za osobe s invaliditetom kojeg organizira Hrvatski boccia savez. Natjecanje se odr\u017ealo u Sv.Filipu i Jakovu zahvaljuju\u0107i odli\u010dnim doma\u0107inima Parasportskom Boccia klubu Zadar. Matej Pernar dosljedan svojim dosada\u0161njim rezultatima osvaja bron\u010danu medalju i tre\u0107e mjesto u konkurenciji od 19 igra\u010da&hellip; <\/p><\/div><\/div>\n<\/div>\n<\/div>\n\n\n\n<div style=\"height:var(--wp--preset--spacing--10)\" aria-hidden=\"true\" class=\"wp-block-spacer\"><\/div>\n\n<\/li><li data-wp-key=\"post-template-item-1124\" class=\"wp-block-post post-1124 post type-post status-publish format-standard has-post-thumbnail hentry category-uncategorized\">\n\n<div class=\"wp-block-columns is-layout-flex wp-container-core-columns-is-layout-658170e2 wp-block-columns-is-layout-flex\">\n<div class=\"wp-block-column is-layout-flow wp-block-column-is-layout-flow\" style=\"flex-basis:40%\"><figure style=\"aspect-ratio:4\/3;\" class=\"wp-block-post-featured-image\"><a href=\"https:\/\/bkosi-nada-pozega.hr\/index.php\/2026\/04\/21\/matej-pernar-najbolji-parasportas-u-pozesko-slavonskoj-zupaniji\/\" target=\"_self\"  ><img loading=\"lazy\" decoding=\"async\" width=\"2040\" height=\"1530\" src=\"https:\/\/bkosi-nada-pozega.hr\/wp-content\/uploads\/2026\/04\/672112472_2239239826895549_8803908454176387266_n.jpg\" class=\"attachment-post-thumbnail size-post-thumbnail wp-post-image\" alt=\"Matej Pernar najbolji parasporta\u0161 u Po\u017ee\u0161ko -slavonskoj \u017eupaniji\" style=\"width:100%;height:100%;object-fit:cover;\" srcset=\"https:\/\/bkosi-nada-pozega.hr\/wp-content\/uploads\/2026\/04\/672112472_2239239826895549_8803908454176387266_n.jpg 2040w, https:\/\/bkosi-nada-pozega.hr\/wp-content\/uploads\/2026\/04\/672112472_2239239826895549_8803908454176387266_n-300x225.jpg 300w, https:\/\/bkosi-nada-pozega.hr\/wp-content\/uploads\/2026\/04\/672112472_2239239826895549_8803908454176387266_n-1024x768.jpg 1024w, https:\/\/bkosi-nada-pozega.hr\/wp-content\/uploads\/2026\/04\/672112472_2239239826895549_8803908454176387266_n-768x576.jpg 768w, https:\/\/bkosi-nada-pozega.hr\/wp-content\/uploads\/2026\/04\/672112472_2239239826895549_8803908454176387266_n-1536x1152.jpg 1536w, https:\/\/bkosi-nada-pozega.hr\/wp-content\/uploads\/2026\/04\/672112472_2239239826895549_8803908454176387266_n-1200x900.jpg 1200w, https:\/\/bkosi-nada-pozega.hr\/wp-content\/uploads\/2026\/04\/672112472_2239239826895549_8803908454176387266_n-800x600.jpg 800w, https:\/\/bkosi-nada-pozega.hr\/wp-content\/uploads\/2026\/04\/672112472_2239239826895549_8803908454176387266_n-600x450.jpg 600w, https:\/\/bkosi-nada-pozega.hr\/wp-content\/uploads\/2026\/04\/672112472_2239239826895549_8803908454176387266_n-400x300.jpg 400w, https:\/\/bkosi-nada-pozega.hr\/wp-content\/uploads\/2026\/04\/672112472_2239239826895549_8803908454176387266_n-200x150.jpg 200w\" sizes=\"auto, (max-width: 2040px) 100vw, 2040px\" \/><\/a><\/figure><\/div>\n\n\n\n<div class=\"wp-block-column is-vertically-aligned-center is-layout-flow wp-block-column-is-layout-flow\" style=\"flex-basis:60%\">\n<div class=\"wp-block-group has-global-padding is-content-justification-left is-layout-constrained wp-container-core-group-is-layout-0effa23f wp-block-group-is-layout-constrained\"><h3 class=\"has-text-align-left no-underline wp-block-post-title has-large-font-size\"><a href=\"https:\/\/bkosi-nada-pozega.hr\/index.php\/2026\/04\/21\/matej-pernar-najbolji-parasportas-u-pozesko-slavonskoj-zupaniji\/\" target=\"_self\" >Matej Pernar najbolji parasporta\u0161 u Po\u017ee\u0161ko -slavonskoj \u017eupaniji<\/a><\/h3>\n\n<div class=\"wp-block-post-date has-small-font-size\"><time datetime=\"2026-04-21T09:54:21+00:00\">April 21, 2026<\/time><\/div>\n\n\n<div style=\"height:var(--wp--preset--spacing--10)\" aria-hidden=\"true\" class=\"wp-block-spacer\"><\/div>\n\n\n<div class=\"wp-block-post-excerpt\"><p class=\"wp-block-post-excerpt__excerpt\">Sportska zajednica Po\u017ee\u0161ko-slavonske \u017eupanije dodijelila je nagrade za najbolje sporta\u0161e\/ice i sportske klubove u 2025. godini. Matej Pernar osvojio je prvo mjesto u kategoriji za najboljeg sporta\u0161a s invaliditetom,a na\u0161 klub drugo mjesto za najbolji PARASPORTSKI klub. <\/p><\/div><\/div>\n<\/div>\n<\/div>\n\n\n\n<div style=\"height:var(--wp--preset--spacing--10)\" aria-hidden=\"true\" class=\"wp-block-spacer\"><\/div>\n\n<\/li><li data-wp-key=\"post-template-item-1115\" class=\"wp-block-post post-1115 post type-post status-publish format-standard has-post-thumbnail hentry category-uncategorized\">\n\n<div class=\"wp-block-columns is-layout-flex wp-container-core-columns-is-layout-658170e2 wp-block-columns-is-layout-flex\">\n<div class=\"wp-block-column is-layout-flow wp-block-column-is-layout-flow\" style=\"flex-basis:40%\"><figure style=\"aspect-ratio:4\/3;\" class=\"wp-block-post-featured-image\"><a href=\"https:\/\/bkosi-nada-pozega.hr\/index.php\/2026\/03\/19\/1-prvenstveni-turnir-hrvatske-osijek\/\" target=\"_self\"  ><img loading=\"lazy\" decoding=\"async\" width=\"2048\" height=\"1536\" src=\"https:\/\/bkosi-nada-pozega.hr\/wp-content\/uploads\/2026\/03\/651238270_2212641412888724_1364352400725729915_n.jpg\" class=\"attachment-post-thumbnail size-post-thumbnail wp-post-image\" alt=\"1. PRVENSTVENI TURNIR HRVATSKE-OSIJEK\" style=\"width:100%;height:100%;object-fit:cover;\" srcset=\"https:\/\/bkosi-nada-pozega.hr\/wp-content\/uploads\/2026\/03\/651238270_2212641412888724_1364352400725729915_n.jpg 2048w, https:\/\/bkosi-nada-pozega.hr\/wp-content\/uploads\/2026\/03\/651238270_2212641412888724_1364352400725729915_n-300x225.jpg 300w, https:\/\/bkosi-nada-pozega.hr\/wp-content\/uploads\/2026\/03\/651238270_2212641412888724_1364352400725729915_n-1024x768.jpg 1024w, https:\/\/bkosi-nada-pozega.hr\/wp-content\/uploads\/2026\/03\/651238270_2212641412888724_1364352400725729915_n-768x576.jpg 768w, https:\/\/bkosi-nada-pozega.hr\/wp-content\/uploads\/2026\/03\/651238270_2212641412888724_1364352400725729915_n-1536x1152.jpg 1536w, https:\/\/bkosi-nada-pozega.hr\/wp-content\/uploads\/2026\/03\/651238270_2212641412888724_1364352400725729915_n-1200x900.jpg 1200w, https:\/\/bkosi-nada-pozega.hr\/wp-content\/uploads\/2026\/03\/651238270_2212641412888724_1364352400725729915_n-800x600.jpg 800w, https:\/\/bkosi-nada-pozega.hr\/wp-content\/uploads\/2026\/03\/651238270_2212641412888724_1364352400725729915_n-600x450.jpg 600w, https:\/\/bkosi-nada-pozega.hr\/wp-content\/uploads\/2026\/03\/651238270_2212641412888724_1364352400725729915_n-400x300.jpg 400w, https:\/\/bkosi-nada-pozega.hr\/wp-content\/uploads\/2026\/03\/651238270_2212641412888724_1364352400725729915_n-200x150.jpg 200w\" sizes=\"auto, (max-width: 2048px) 100vw, 2048px\" \/><\/a><\/figure><\/div>\n\n\n\n<div class=\"wp-block-column is-vertically-aligned-center is-layout-flow wp-block-column-is-layout-flow\" style=\"flex-basis:60%\">\n<div class=\"wp-block-group has-global-padding is-content-justification-left is-layout-constrained wp-container-core-group-is-layout-0effa23f wp-block-group-is-layout-constrained\"><h3 class=\"has-text-align-left no-underline wp-block-post-title has-large-font-size\"><a href=\"https:\/\/bkosi-nada-pozega.hr\/index.php\/2026\/03\/19\/1-prvenstveni-turnir-hrvatske-osijek\/\" target=\"_self\" >1. PRVENSTVENI TURNIR HRVATSKE-OSIJEK<\/a><\/h3>\n\n<div class=\"wp-block-post-date has-small-font-size\"><time datetime=\"2026-03-19T10:25:57+00:00\">March 19, 2026<\/time><\/div>\n\n\n<div style=\"height:var(--wp--preset--spacing--10)\" aria-hidden=\"true\" class=\"wp-block-spacer\"><\/div>\n\n\n<div class=\"wp-block-post-excerpt\"><p class=\"wp-block-post-excerpt__excerpt\">Matej Pernar ponovno briljirao na 1.-om Prvenstvom turniru Hrvatske u Boccia sportu koji se ovaj vikend odr\u017eao u Osijeku. Osvojio je bron\u010danu medalju u kategoriji BC2 za PARASPORTSKI BOCCIA KLUB NADA PO\u017dEGA. Tomislav Pera\u0161ini\u0107 je ostvario odli\u010dne rezultate u kategoriji, ali nije uspio izboriti \u010detvrtfinale. \u010cestitke na\u0161im sporta\u0161ima na izvrsnoj igri koja je pokazatelj njihovog&hellip; <\/p><\/div><\/div>\n<\/div>\n<\/div>\n\n\n\n<div style=\"height:var(--wp--preset--spacing--10)\" aria-hidden=\"true\" class=\"wp-block-spacer\"><\/div>\n\n<\/li><li data-wp-key=\"post-template-item-1111\" class=\"wp-block-post post-1111 post type-post status-publish format-standard has-post-thumbnail hentry category-uncategorized\">\n\n<div class=\"wp-block-columns is-layout-flex wp-container-core-columns-is-layout-658170e2 wp-block-columns-is-layout-flex\">\n<div class=\"wp-block-column is-layout-flow wp-block-column-is-layout-flow\" style=\"flex-basis:40%\"><figure style=\"aspect-ratio:4\/3;\" class=\"wp-block-post-featured-image\"><a href=\"https:\/\/bkosi-nada-pozega.hr\/index.php\/2026\/03\/19\/sportske-nagrade-pozeskog-sportskog-saveza\/\" target=\"_self\"  ><img loading=\"lazy\" decoding=\"async\" width=\"1536\" height=\"2048\" src=\"https:\/\/bkosi-nada-pozega.hr\/wp-content\/uploads\/2026\/03\/646368781_2203418537144345_9132189794464783314_n-1.jpg\" class=\"attachment-post-thumbnail size-post-thumbnail wp-post-image\" alt=\"Sportske nagrade Po\u017ee\u0161kog \u0161portskog saveza\" style=\"width:100%;height:100%;object-fit:cover;\" srcset=\"https:\/\/bkosi-nada-pozega.hr\/wp-content\/uploads\/2026\/03\/646368781_2203418537144345_9132189794464783314_n-1.jpg 1536w, https:\/\/bkosi-nada-pozega.hr\/wp-content\/uploads\/2026\/03\/646368781_2203418537144345_9132189794464783314_n-1-225x300.jpg 225w, https:\/\/bkosi-nada-pozega.hr\/wp-content\/uploads\/2026\/03\/646368781_2203418537144345_9132189794464783314_n-1-768x1024.jpg 768w, https:\/\/bkosi-nada-pozega.hr\/wp-content\/uploads\/2026\/03\/646368781_2203418537144345_9132189794464783314_n-1-1152x1536.jpg 1152w, https:\/\/bkosi-nada-pozega.hr\/wp-content\/uploads\/2026\/03\/646368781_2203418537144345_9132189794464783314_n-1-900x1200.jpg 900w, https:\/\/bkosi-nada-pozega.hr\/wp-content\/uploads\/2026\/03\/646368781_2203418537144345_9132189794464783314_n-1-600x800.jpg 600w, https:\/\/bkosi-nada-pozega.hr\/wp-content\/uploads\/2026\/03\/646368781_2203418537144345_9132189794464783314_n-1-450x600.jpg 450w, https:\/\/bkosi-nada-pozega.hr\/wp-content\/uploads\/2026\/03\/646368781_2203418537144345_9132189794464783314_n-1-300x400.jpg 300w, https:\/\/bkosi-nada-pozega.hr\/wp-content\/uploads\/2026\/03\/646368781_2203418537144345_9132189794464783314_n-1-150x200.jpg 150w, https:\/\/bkosi-nada-pozega.hr\/wp-content\/uploads\/2026\/03\/646368781_2203418537144345_9132189794464783314_n-1-1200x1600.jpg 1200w\" sizes=\"auto, (max-width: 1536px) 100vw, 1536px\" \/><\/a><\/figure><\/div>\n\n\n\n<div class=\"wp-block-column is-vertically-aligned-center is-layout-flow wp-block-column-is-layout-flow\" style=\"flex-basis:60%\">\n<div class=\"wp-block-group has-global-padding is-content-justification-left is-layout-constrained wp-container-core-group-is-layout-0effa23f wp-block-group-is-layout-constrained\"><h3 class=\"has-text-align-left no-underline wp-block-post-title has-large-font-size\"><a href=\"https:\/\/bkosi-nada-pozega.hr\/index.php\/2026\/03\/19\/sportske-nagrade-pozeskog-sportskog-saveza\/\" target=\"_self\" >Sportske nagrade Po\u017ee\u0161kog \u0161portskog saveza<\/a><\/h3>\n\n<div class=\"wp-block-post-date has-small-font-size\"><time datetime=\"2026-03-19T10:22:25+00:00\">March 19, 2026<\/time><\/div>\n\n\n<div style=\"height:var(--wp--preset--spacing--10)\" aria-hidden=\"true\" class=\"wp-block-spacer\"><\/div>\n\n\n<div class=\"wp-block-post-excerpt\"><p class=\"wp-block-post-excerpt__excerpt\">Matej Pernar -2.mjesto za najboljeg sporta\u0161a s invaliditetom u Po\u017eegi,a na\u0161 klub Pbk Nada Po\u017eega NAJBOLJA SPORTSKA UDRUGA SPORTA\u0160A S INVALIDITETOM ZA 2025. GODINU!!!! Ne\u0107emo glumiti da nismo ponosni i sretni. Zaslu\u017eili smo napornim radom svaku nagradu. Zapamtili smo svaki izazov,brigu,radost i cilj. Prigodno smo proslavili\/obilje\u017eili svoj uspjeh (kao i uvijek) i sad furamo dalje&hellip; <\/p><\/div><\/div>\n<\/div>\n<\/div>\n\n\n\n<div style=\"height:var(--wp--preset--spacing--10)\" aria-hidden=\"true\" class=\"wp-block-spacer\"><\/div>\n\n<\/li><li data-wp-key=\"post-template-item-1105\" class=\"wp-block-post post-1105 post type-post status-publish format-standard hentry category-uncategorized\">\n\n<div class=\"wp-block-columns is-layout-flex wp-container-core-columns-is-layout-658170e2 wp-block-columns-is-layout-flex\">\n<div class=\"wp-block-column is-layout-flow wp-block-column-is-layout-flow\" style=\"flex-basis:40%\"><\/div>\n\n\n\n<div class=\"wp-block-column is-vertically-aligned-center is-layout-flow wp-block-column-is-layout-flow\" style=\"flex-basis:60%\">\n<div class=\"wp-block-group has-global-padding is-content-justification-left is-layout-constrained wp-container-core-group-is-layout-0effa23f wp-block-group-is-layout-constrained\"><h3 class=\"has-text-align-left no-underline wp-block-post-title has-large-font-size\"><a href=\"https:\/\/bkosi-nada-pozega.hr\/index.php\/2026\/03\/19\/sudacki-seminar-daruvar-2026\/\" target=\"_self\" >Suda\u010dki seminar -Daruvar 2026.<\/a><\/h3>\n\n<div class=\"wp-block-post-date has-small-font-size\"><time datetime=\"2026-03-19T10:18:35+00:00\">March 19, 2026<\/time><\/div>\n\n\n<div style=\"height:var(--wp--preset--spacing--10)\" aria-hidden=\"true\" class=\"wp-block-spacer\"><\/div>\n\n\n<div class=\"wp-block-post-excerpt\"><p class=\"wp-block-post-excerpt__excerpt\">Od 08.02.-02.03.2026. godine u Daruvaru je odr\u017ean seminar za nacionalne Boccia sudce. Seminar je organizirao Hrvatski Boccia savez iz Zagreba,a od ove godine na\u0161 klub ima tri nacionalna sudca\/tkinje: Ankica Pera\u0161ini\u0107 , Marijana \u0160ijan Pand\u017ei\u0107 i Dario Pand\u017ei\u0107. Zahvaljujemo organizatorima na iscrpnoj obuci ,a na\u0161im sudcima\/tkinjama \u017eelimo uspje\u0161nu nadolaze\u0107u sezonu. <\/p><\/div><\/div>\n<\/div>\n<\/div>\n\n\n\n<div style=\"height:var(--wp--preset--spacing--10)\" aria-hidden=\"true\" class=\"wp-block-spacer\"><\/div>\n\n<\/li><\/ul>\n\n\n<div style=\"height:var(--wp--preset--spacing--10)\" aria-hidden=\"true\" class=\"wp-block-spacer\"><\/div>\n\n\n<nav class=\"wp-block-query-pagination is-content-justification-space-between is-layout-flex wp-container-core-query-pagination-is-layout-b2891da8 wp-block-query-pagination-is-layout-flex\" aria-label=\"Pagination\">\n\n\n<a data-wp-key=\"query-pagination-next\" data-wp-on--click=\"core\/query::actions.navigate\" data-wp-on--mouseenter=\"core\/query::actions.prefetch\" data-wp-watch=\"core\/query::callbacks.prefetch\" href=\"\/index.php\/wp-json\/wp\/v2\/pages\/574?query-9-page=2\" class=\"wp-block-query-pagination-next\">Next Page<\/a>\n<\/nav><\/div>\n<\/div>\n\n\n\n<div style=\"height:calc( 0.25 * var(--wp--style--root--padding-right, var(--wp--custom--gap--horizontal)))\" aria-hidden=\"true\" class=\"wp-block-spacer\"><\/div>\n<\/div>\n","protected":false},"excerpt":{"rendered":"","protected":false},"author":3,"featured_media":0,"parent":0,"menu_order":0,"comment_status":"closed","ping_status":"closed","template":"","meta":{"_starter_page_template":"blog-posts-3","_wpcom_template_layout_category":["posts"],"footnotes":""},"class_list":["post-574","page","type-page","status-publish","hentry"],"_links":{"self":[{"href":"https:\/\/bkosi-nada-pozega.hr\/index.php\/wp-json\/wp\/v2\/pages\/574","targetHints":{"allow":["GET"]}}],"collection":[{"href":"https:\/\/bkosi-nada-pozega.hr\/index.php\/wp-json\/wp\/v2\/pages"}],"about":[{"href":"https:\/\/bkosi-nada-pozega.hr\/index.php\/wp-json\/wp\/v2\/types\/page"}],"author":[{"embeddable":true,"href":"https:\/\/bkosi-nada-pozega.hr\/index.php\/wp-json\/wp\/v2\/users\/3"}],"replies":[{"embeddable":true,"href":"https:\/\/bkosi-nada-pozega.hr\/index.php\/wp-json\/wp\/v2\/comments?post=574"}],"version-history":[{"count":1,"href":"https:\/\/bkosi-nada-pozega.hr\/index.php\/wp-json\/wp\/v2\/pages\/574\/revisions"}],"predecessor-version":[{"id":575,"href":"https:\/\/bkosi-nada-pozega.hr\/index.php\/wp-json\/wp\/v2\/pages\/574\/revisions\/575"}],"wp:attachment":[{"href":"https:\/\/bkosi-nada-pozega.hr\/index.php\/wp-json\/wp\/v2\/media?parent=574"}],"curies":[{"name":"wp","href":"https:\/\/api.w.org\/{rel}","templated":true}]}}