{"id":396,"date":"2024-09-28T08:47:23","date_gmt":"2024-09-28T08:47:23","guid":{"rendered":"https:\/\/bkosi-nada-pozega.hr\/?page_id=396"},"modified":"2024-09-28T08:47:23","modified_gmt":"2024-09-28T08:47:23","slug":"projekt-fortes-f-acilitacija-o-rganizacijar-acionalizacijat-ehnologijae-konomicnost-i-s-uradnja","status":"publish","type":"page","link":"https:\/\/bkosi-nada-pozega.hr\/index.php\/projekt-fortes-f-acilitacija-o-rganizacijar-acionalizacijat-ehnologijae-konomicnost-i-s-uradnja\/","title":{"rendered":"PROJEKT: &#8220;FORTES&#8221;-F.acilitacija, O.rganizacija,R.acionalizacija,T.ehnologija,E.konomi\u010dnost i S.uradnja"},"content":{"rendered":"\n<figure class=\"wp-block-image aligncenter size-large is-resized\"><img loading=\"lazy\" decoding=\"async\" width=\"1019\" height=\"1024\" src=\"https:\/\/bkosi-nada-pozega.hr\/wp-content\/uploads\/2024\/09\/fortes-logo-png-3-2-1-1019x1024.png\" alt=\"\" class=\"wp-image-410\" style=\"width:210px;height:auto\" srcset=\"https:\/\/bkosi-nada-pozega.hr\/wp-content\/uploads\/2024\/09\/fortes-logo-png-3-2-1-1019x1024.png 1019w, https:\/\/bkosi-nada-pozega.hr\/wp-content\/uploads\/2024\/09\/fortes-logo-png-3-2-1-298x300.png 298w, https:\/\/bkosi-nada-pozega.hr\/wp-content\/uploads\/2024\/09\/fortes-logo-png-3-2-1-150x150.png 150w, https:\/\/bkosi-nada-pozega.hr\/wp-content\/uploads\/2024\/09\/fortes-logo-png-3-2-1-768x772.png 768w, https:\/\/bkosi-nada-pozega.hr\/wp-content\/uploads\/2024\/09\/fortes-logo-png-3-2-1-1528x1536.png 1528w, https:\/\/bkosi-nada-pozega.hr\/wp-content\/uploads\/2024\/09\/fortes-logo-png-3-2-1.png 1533w\" sizes=\"auto, (max-width: 1019px) 100vw, 1019px\" \/><\/figure>\n\n\n\n<p class=\"has-base-color has-primary-background-color has-text-color has-background has-link-color wp-elements-151497e807ea085a7d6626e1ec6e18d7\">PARTNERI:<\/p>\n\n\n\n<p>1. Dru\u0161tvo multiple skleroze Po\u017ee\u0161ko slavonske \u017eupanije&nbsp;<br>2. Bo\u0107arski klub osoba s invaliditetom &#8220;Osje\u010dki osmijeh&#8221;<br>3. Grad Po\u017eega&nbsp;&nbsp;<\/p>\n\n\n\n<p class=\"has-base-color has-primary-background-color has-text-color has-background has-link-color wp-elements-df3cb94926216c00b2da0cb33108d5a6\">Bo\u0107arski klub osoba s invaliditetom &#8220;Nada&#8221; grada Po\u017eege i PS\u017d zajedno sa svojim partnerima kroz raznovrsne edukacije i radionice ja\u010da kapacitete tri civilne organizacije za kvalitetno provo\u0111enje projekata, sudjelovanje u natje\u010dajima, upravljanje volonterima, te upravljanje zaposlenicima i korisnicima u kriznim situacijama u cilju stvaranja administrativne, tehni\u010dke i provedbene stabilnosti udruga za rad s marginaliziranim skupinama i pru\u017eanje socijalnih usluga u zajednici.<\/p>\n\n\n\n<p><strong>Op\u0107i cilj projekta<\/strong>: <\/p>\n\n\n\n<p>Ja\u010danje kapaciteta OCD-ova za pru\u017eanje usluga u zajednici.<\/p>\n\n\n\n<p class=\"has-base-color has-primary-background-color has-text-color has-background has-link-color wp-elements-38c334dc4b787735147ab24761372e30\"><strong>Specifi\u010dni ciljevi:<\/strong><br>1. Ja\u010danje kapaciteta tri lokalne organizacije za razvoj socijalnih usluga za osobe s invaliditetom u zajednici i upravljanje volonterima unutar organizacije<br>2. Ja\u010danje kapaciteta tri lokalne organizacije &#8211; kao poslodavca za djelovanje u kriznim situacijama<\/p>\n\n\n\n<p>AKTIVNOSTI:<br>1. Provo\u0111enje edukacija za predstavnike organizacija civilnoga dru\u0161tva nositelja i partnera projekta kroz radionice koje provode anga\u017eirani stru\u010dnjaci<br>2. Zapo\u0161ljavanje osobe s invaliditetom i prilagodba poslovanja uz primjenu informacijsko &#8211; komunikacijske tehnologije za osobe s invaliditetom i zaposlenike<br>3. Provo\u0111enje edukacija za predstavnike organizacija civilnoga dru\u0161tva nositelja i partnera projekta u cilju ja\u010danja volonterskih kapaciteta u organizacijama<br>4. Provedba edukacija i prilagodba poslovanja nositelja i partnera za organizaciju online poslovanja u slu\u010daju kriznih situacija<br>5. Ja\u010danje volonterskog sektora i adekvatno vrednovanje volonterskog rada u organizacijama, uspostava volonterskog sektora<\/p>\n\n\n\n<p class=\"has-base-color has-primary-background-color has-text-color has-background has-link-color wp-elements-90190e2dc556fe41c680e32e6c4a4488\">Organizirali smo ukupno 40 radionica na temu upravljanje organizacijom i razvoja projektnih ideja, menad\u017ementa volonterstva, informati\u010dke obuke, upravljanja zaposlenicima u kriznim situacijama, na\u010dina komunikacije i rada s osobama s invaliditetom; zaposlili smo 1 osobu s invaliditetom, prilagodili smo jedno radno mjesto kroz adaptaciju informacijsko-komunikacijske tehnologije za osobe s najte\u017eom vrstom i stupnjem invalidnosti, osigurali smo kontinuitet pru\u017eanja podr\u0161ke krajnjim korisnicima kroz rad koordinatora aktivnosti na projektu, opremili smo i osposobili 2 ureda za rad s osobama s invaliditetom u 2 \u017eupanije, izradili smo 2 web stranice za 2 organizacije civilnoga dru\u0161tva i osigurali vidljivost udruga, oja\u010dali smo kapacitete udruga za rad s korisnicima i \u0161irenje mre\u017ee socijalnih usluga.<\/p>\n\n\n\n<p><strong>VRIJEDNOST PROJEKTA: <\/strong>63.955,50 EUR<\/p>\n\n\n\n<p class=\"has-base-color has-primary-background-color has-text-color has-background has-link-color wp-elements-ad13a15e472f756d7855053af0cdb33d\"><strong>TRAJANJE PROJEKTA:<\/strong> 01.03.2022. &#8211; 31.05.2023.<\/p>\n\n\n\n<figure class=\"wp-block-gallery has-nested-images columns-default is-cropped wp-block-gallery-1 is-layout-flex wp-block-gallery-is-layout-flex\">\n<figure class=\"wp-block-image size-large\"><img loading=\"lazy\" decoding=\"async\" width=\"1024\" height=\"683\" data-id=\"409\" src=\"https:\/\/bkosi-nada-pozega.hr\/wp-content\/uploads\/2024\/09\/350136396_6234724776563372_8799143770041218318_n-1024x683.jpg\" alt=\"\" class=\"wp-image-409\" srcset=\"https:\/\/bkosi-nada-pozega.hr\/wp-content\/uploads\/2024\/09\/350136396_6234724776563372_8799143770041218318_n-1024x683.jpg 1024w, https:\/\/bkosi-nada-pozega.hr\/wp-content\/uploads\/2024\/09\/350136396_6234724776563372_8799143770041218318_n-300x200.jpg 300w, https:\/\/bkosi-nada-pozega.hr\/wp-content\/uploads\/2024\/09\/350136396_6234724776563372_8799143770041218318_n-768x512.jpg 768w, https:\/\/bkosi-nada-pozega.hr\/wp-content\/uploads\/2024\/09\/350136396_6234724776563372_8799143770041218318_n-1536x1024.jpg 1536w, https:\/\/bkosi-nada-pozega.hr\/wp-content\/uploads\/2024\/09\/350136396_6234724776563372_8799143770041218318_n.jpg 1599w\" sizes=\"auto, (max-width: 1024px) 100vw, 1024px\" \/><\/figure>\n\n\n\n<figure class=\"wp-block-image size-large\"><img loading=\"lazy\" decoding=\"async\" width=\"768\" height=\"1024\" data-id=\"408\" src=\"https:\/\/bkosi-nada-pozega.hr\/wp-content\/uploads\/2024\/09\/349832635_982601046487510_5218849684438292497_n-768x1024.jpg\" alt=\"\" class=\"wp-image-408\" srcset=\"https:\/\/bkosi-nada-pozega.hr\/wp-content\/uploads\/2024\/09\/349832635_982601046487510_5218849684438292497_n-768x1024.jpg 768w, https:\/\/bkosi-nada-pozega.hr\/wp-content\/uploads\/2024\/09\/349832635_982601046487510_5218849684438292497_n-225x300.jpg 225w, https:\/\/bkosi-nada-pozega.hr\/wp-content\/uploads\/2024\/09\/349832635_982601046487510_5218849684438292497_n-1152x1536.jpg 1152w, https:\/\/bkosi-nada-pozega.hr\/wp-content\/uploads\/2024\/09\/349832635_982601046487510_5218849684438292497_n.jpg 1200w\" sizes=\"auto, (max-width: 768px) 100vw, 768px\" \/><\/figure>\n\n\n\n<figure class=\"wp-block-image size-large\"><img loading=\"lazy\" decoding=\"async\" width=\"1024\" height=\"768\" data-id=\"407\" src=\"https:\/\/bkosi-nada-pozega.hr\/wp-content\/uploads\/2024\/09\/330000326_5429823750456619_7342519509306044802_n-1024x768.jpg\" alt=\"\" class=\"wp-image-407\" srcset=\"https:\/\/bkosi-nada-pozega.hr\/wp-content\/uploads\/2024\/09\/330000326_5429823750456619_7342519509306044802_n-1024x768.jpg 1024w, https:\/\/bkosi-nada-pozega.hr\/wp-content\/uploads\/2024\/09\/330000326_5429823750456619_7342519509306044802_n-300x225.jpg 300w, https:\/\/bkosi-nada-pozega.hr\/wp-content\/uploads\/2024\/09\/330000326_5429823750456619_7342519509306044802_n-768x576.jpg 768w, https:\/\/bkosi-nada-pozega.hr\/wp-content\/uploads\/2024\/09\/330000326_5429823750456619_7342519509306044802_n-1536x1152.jpg 1536w, https:\/\/bkosi-nada-pozega.hr\/wp-content\/uploads\/2024\/09\/330000326_5429823750456619_7342519509306044802_n.jpg 2048w\" sizes=\"auto, (max-width: 1024px) 100vw, 1024px\" \/><\/figure>\n\n\n\n<figure class=\"wp-block-image size-large\"><img loading=\"lazy\" decoding=\"async\" width=\"768\" height=\"1024\" data-id=\"406\" src=\"https:\/\/bkosi-nada-pozega.hr\/wp-content\/uploads\/2024\/09\/314017009_1450966568759038_1948260577522454745_n-768x1024.jpg\" alt=\"\" class=\"wp-image-406\" srcset=\"https:\/\/bkosi-nada-pozega.hr\/wp-content\/uploads\/2024\/09\/314017009_1450966568759038_1948260577522454745_n-768x1024.jpg 768w, https:\/\/bkosi-nada-pozega.hr\/wp-content\/uploads\/2024\/09\/314017009_1450966568759038_1948260577522454745_n-225x300.jpg 225w, https:\/\/bkosi-nada-pozega.hr\/wp-content\/uploads\/2024\/09\/314017009_1450966568759038_1948260577522454745_n-1152x1536.jpg 1152w, https:\/\/bkosi-nada-pozega.hr\/wp-content\/uploads\/2024\/09\/314017009_1450966568759038_1948260577522454745_n.jpg 1536w\" sizes=\"auto, (max-width: 768px) 100vw, 768px\" \/><\/figure>\n\n\n\n<figure class=\"wp-block-image size-large\"><img loading=\"lazy\" decoding=\"async\" width=\"1024\" height=\"768\" data-id=\"405\" src=\"https:\/\/bkosi-nada-pozega.hr\/wp-content\/uploads\/2024\/09\/313412646_1450963408759354_1200913195288038777_n-1024x768.jpg\" alt=\"\" class=\"wp-image-405\" srcset=\"https:\/\/bkosi-nada-pozega.hr\/wp-content\/uploads\/2024\/09\/313412646_1450963408759354_1200913195288038777_n-1024x768.jpg 1024w, https:\/\/bkosi-nada-pozega.hr\/wp-content\/uploads\/2024\/09\/313412646_1450963408759354_1200913195288038777_n-300x225.jpg 300w, https:\/\/bkosi-nada-pozega.hr\/wp-content\/uploads\/2024\/09\/313412646_1450963408759354_1200913195288038777_n-768x576.jpg 768w, https:\/\/bkosi-nada-pozega.hr\/wp-content\/uploads\/2024\/09\/313412646_1450963408759354_1200913195288038777_n-1536x1152.jpg 1536w, https:\/\/bkosi-nada-pozega.hr\/wp-content\/uploads\/2024\/09\/313412646_1450963408759354_1200913195288038777_n.jpg 1600w\" sizes=\"auto, (max-width: 1024px) 100vw, 1024px\" \/><\/figure>\n\n\n\n<figure class=\"wp-block-image size-large\"><img loading=\"lazy\" decoding=\"async\" width=\"1024\" height=\"768\" data-id=\"404\" src=\"https:\/\/bkosi-nada-pozega.hr\/wp-content\/uploads\/2024\/09\/313288792_1450966302092398_2950544407207065996_n-1024x768.jpg\" alt=\"\" class=\"wp-image-404\" srcset=\"https:\/\/bkosi-nada-pozega.hr\/wp-content\/uploads\/2024\/09\/313288792_1450966302092398_2950544407207065996_n-1024x768.jpg 1024w, https:\/\/bkosi-nada-pozega.hr\/wp-content\/uploads\/2024\/09\/313288792_1450966302092398_2950544407207065996_n-300x225.jpg 300w, https:\/\/bkosi-nada-pozega.hr\/wp-content\/uploads\/2024\/09\/313288792_1450966302092398_2950544407207065996_n-768x576.jpg 768w, https:\/\/bkosi-nada-pozega.hr\/wp-content\/uploads\/2024\/09\/313288792_1450966302092398_2950544407207065996_n-1536x1152.jpg 1536w, https:\/\/bkosi-nada-pozega.hr\/wp-content\/uploads\/2024\/09\/313288792_1450966302092398_2950544407207065996_n.jpg 2048w\" sizes=\"auto, (max-width: 1024px) 100vw, 1024px\" \/><\/figure>\n\n\n\n<figure class=\"wp-block-image size-large\"><img loading=\"lazy\" decoding=\"async\" width=\"768\" height=\"1024\" data-id=\"403\" src=\"https:\/\/bkosi-nada-pozega.hr\/wp-content\/uploads\/2024\/09\/313203745_1450965705425791_7433398041758928091_n-768x1024.jpg\" alt=\"\" class=\"wp-image-403\" srcset=\"https:\/\/bkosi-nada-pozega.hr\/wp-content\/uploads\/2024\/09\/313203745_1450965705425791_7433398041758928091_n-768x1024.jpg 768w, https:\/\/bkosi-nada-pozega.hr\/wp-content\/uploads\/2024\/09\/313203745_1450965705425791_7433398041758928091_n-225x300.jpg 225w, https:\/\/bkosi-nada-pozega.hr\/wp-content\/uploads\/2024\/09\/313203745_1450965705425791_7433398041758928091_n-1152x1536.jpg 1152w, https:\/\/bkosi-nada-pozega.hr\/wp-content\/uploads\/2024\/09\/313203745_1450965705425791_7433398041758928091_n.jpg 1536w\" sizes=\"auto, (max-width: 768px) 100vw, 768px\" \/><\/figure>\n\n\n\n<figure class=\"wp-block-image size-large\"><img loading=\"lazy\" decoding=\"async\" width=\"768\" height=\"1024\" data-id=\"402\" src=\"https:\/\/bkosi-nada-pozega.hr\/wp-content\/uploads\/2024\/09\/313192445_1450963238759371_7535827724396507544_n-768x1024.jpg\" alt=\"\" class=\"wp-image-402\" srcset=\"https:\/\/bkosi-nada-pozega.hr\/wp-content\/uploads\/2024\/09\/313192445_1450963238759371_7535827724396507544_n-768x1024.jpg 768w, https:\/\/bkosi-nada-pozega.hr\/wp-content\/uploads\/2024\/09\/313192445_1450963238759371_7535827724396507544_n-225x300.jpg 225w, https:\/\/bkosi-nada-pozega.hr\/wp-content\/uploads\/2024\/09\/313192445_1450963238759371_7535827724396507544_n-1152x1536.jpg 1152w, https:\/\/bkosi-nada-pozega.hr\/wp-content\/uploads\/2024\/09\/313192445_1450963238759371_7535827724396507544_n.jpg 1200w\" sizes=\"auto, (max-width: 768px) 100vw, 768px\" \/><\/figure>\n\n\n\n<figure class=\"wp-block-image size-large\"><img loading=\"lazy\" decoding=\"async\" width=\"579\" height=\"947\" data-id=\"401\" src=\"https:\/\/bkosi-nada-pozega.hr\/wp-content\/uploads\/2024\/09\/305960486_1410126849509677_8143030085955907106_n.jpg\" alt=\"\" class=\"wp-image-401\" srcset=\"https:\/\/bkosi-nada-pozega.hr\/wp-content\/uploads\/2024\/09\/305960486_1410126849509677_8143030085955907106_n.jpg 579w, https:\/\/bkosi-nada-pozega.hr\/wp-content\/uploads\/2024\/09\/305960486_1410126849509677_8143030085955907106_n-183x300.jpg 183w\" sizes=\"auto, (max-width: 579px) 100vw, 579px\" \/><\/figure>\n\n\n\n<figure class=\"wp-block-image size-large\"><img loading=\"lazy\" decoding=\"async\" width=\"1024\" height=\"768\" data-id=\"400\" src=\"https:\/\/bkosi-nada-pozega.hr\/wp-content\/uploads\/2024\/09\/284149313_1337209446801418_1547695406789131400_n-1024x768.jpg\" alt=\"\" class=\"wp-image-400\" srcset=\"https:\/\/bkosi-nada-pozega.hr\/wp-content\/uploads\/2024\/09\/284149313_1337209446801418_1547695406789131400_n-1024x768.jpg 1024w, https:\/\/bkosi-nada-pozega.hr\/wp-content\/uploads\/2024\/09\/284149313_1337209446801418_1547695406789131400_n-300x225.jpg 300w, https:\/\/bkosi-nada-pozega.hr\/wp-content\/uploads\/2024\/09\/284149313_1337209446801418_1547695406789131400_n-768x576.jpg 768w, https:\/\/bkosi-nada-pozega.hr\/wp-content\/uploads\/2024\/09\/284149313_1337209446801418_1547695406789131400_n-1536x1152.jpg 1536w, https:\/\/bkosi-nada-pozega.hr\/wp-content\/uploads\/2024\/09\/284149313_1337209446801418_1547695406789131400_n.jpg 2048w\" sizes=\"auto, (max-width: 1024px) 100vw, 1024px\" \/><\/figure>\n\n\n\n<figure class=\"wp-block-image size-large\"><img loading=\"lazy\" decoding=\"async\" width=\"1024\" height=\"768\" data-id=\"399\" src=\"https:\/\/bkosi-nada-pozega.hr\/wp-content\/uploads\/2024\/09\/281848302_1337209480134748_1984609424046104609_n-1024x768.jpg\" alt=\"\" class=\"wp-image-399\" srcset=\"https:\/\/bkosi-nada-pozega.hr\/wp-content\/uploads\/2024\/09\/281848302_1337209480134748_1984609424046104609_n-1024x768.jpg 1024w, https:\/\/bkosi-nada-pozega.hr\/wp-content\/uploads\/2024\/09\/281848302_1337209480134748_1984609424046104609_n-300x225.jpg 300w, https:\/\/bkosi-nada-pozega.hr\/wp-content\/uploads\/2024\/09\/281848302_1337209480134748_1984609424046104609_n-768x576.jpg 768w, https:\/\/bkosi-nada-pozega.hr\/wp-content\/uploads\/2024\/09\/281848302_1337209480134748_1984609424046104609_n-1536x1152.jpg 1536w, https:\/\/bkosi-nada-pozega.hr\/wp-content\/uploads\/2024\/09\/281848302_1337209480134748_1984609424046104609_n.jpg 2048w\" sizes=\"auto, (max-width: 1024px) 100vw, 1024px\" \/><\/figure>\n\n\n\n<figure class=\"wp-block-image size-large\"><img loading=\"lazy\" decoding=\"async\" width=\"1024\" height=\"768\" data-id=\"398\" src=\"https:\/\/bkosi-nada-pozega.hr\/wp-content\/uploads\/2024\/09\/281580503_1337209356801427_3720091133068448688_n-1024x768.jpg\" alt=\"\" class=\"wp-image-398\" srcset=\"https:\/\/bkosi-nada-pozega.hr\/wp-content\/uploads\/2024\/09\/281580503_1337209356801427_3720091133068448688_n-1024x768.jpg 1024w, https:\/\/bkosi-nada-pozega.hr\/wp-content\/uploads\/2024\/09\/281580503_1337209356801427_3720091133068448688_n-300x225.jpg 300w, https:\/\/bkosi-nada-pozega.hr\/wp-content\/uploads\/2024\/09\/281580503_1337209356801427_3720091133068448688_n-768x576.jpg 768w, https:\/\/bkosi-nada-pozega.hr\/wp-content\/uploads\/2024\/09\/281580503_1337209356801427_3720091133068448688_n-1536x1152.jpg 1536w, https:\/\/bkosi-nada-pozega.hr\/wp-content\/uploads\/2024\/09\/281580503_1337209356801427_3720091133068448688_n.jpg 2048w\" sizes=\"auto, (max-width: 1024px) 100vw, 1024px\" \/><\/figure>\n<\/figure>\n","protected":false},"excerpt":{"rendered":"<p>PARTNERI: 1. Dru\u0161tvo multiple skleroze Po\u017ee\u0161ko slavonske \u017eupanije&nbsp;2. Bo\u0107arski klub osoba s invaliditetom &#8220;Osje\u010dki osmijeh&#8221;3. Grad Po\u017eega&nbsp;&nbsp; Bo\u0107arski klub osoba s invaliditetom &#8220;Nada&#8221; grada Po\u017eege i PS\u017d zajedno sa svojim partnerima kroz raznovrsne edukacije i radionice ja\u010da kapacitete tri civilne organizacije za kvalitetno provo\u0111enje projekata, sudjelovanje u natje\u010dajima, upravljanje volonterima, te upravljanje zaposlenicima i korisnicima [&hellip;]<\/p>\n","protected":false},"author":3,"featured_media":0,"parent":0,"menu_order":0,"comment_status":"closed","ping_status":"closed","template":"","meta":{"_starter_page_template":"","_wpcom_template_layout_category":[],"footnotes":""},"class_list":["post-396","page","type-page","status-publish","hentry"],"_links":{"self":[{"href":"https:\/\/bkosi-nada-pozega.hr\/index.php\/wp-json\/wp\/v2\/pages\/396","targetHints":{"allow":["GET"]}}],"collection":[{"href":"https:\/\/bkosi-nada-pozega.hr\/index.php\/wp-json\/wp\/v2\/pages"}],"about":[{"href":"https:\/\/bkosi-nada-pozega.hr\/index.php\/wp-json\/wp\/v2\/types\/page"}],"author":[{"embeddable":true,"href":"https:\/\/bkosi-nada-pozega.hr\/index.php\/wp-json\/wp\/v2\/users\/3"}],"replies":[{"embeddable":true,"href":"https:\/\/bkosi-nada-pozega.hr\/index.php\/wp-json\/wp\/v2\/comments?post=396"}],"version-history":[{"count":2,"href":"https:\/\/bkosi-nada-pozega.hr\/index.php\/wp-json\/wp\/v2\/pages\/396\/revisions"}],"predecessor-version":[{"id":412,"href":"https:\/\/bkosi-nada-pozega.hr\/index.php\/wp-json\/wp\/v2\/pages\/396\/revisions\/412"}],"wp:attachment":[{"href":"https:\/\/bkosi-nada-pozega.hr\/index.php\/wp-json\/wp\/v2\/media?parent=396"}],"curies":[{"name":"wp","href":"https:\/\/api.w.org\/{rel}","templated":true}]}}