{"id":378,"date":"2024-09-27T19:25:12","date_gmt":"2024-09-27T19:25:12","guid":{"rendered":"https:\/\/bkosi-nada-pozega.hr\/?page_id=378"},"modified":"2024-09-28T08:30:11","modified_gmt":"2024-09-28T08:30:11","slug":"projekt-zene-koje-mijenjaju-svijet-na-bolje","status":"publish","type":"page","link":"https:\/\/bkosi-nada-pozega.hr\/index.php\/projekt-zene-koje-mijenjaju-svijet-na-bolje\/","title":{"rendered":"PROJEKT: \u00a0\u201e\u017dene koje mijenjaju svijet na bolje\u201c"},"content":{"rendered":"\n<figure class=\"wp-block-image aligncenter size-full is-resized\"><img loading=\"lazy\" decoding=\"async\" width=\"500\" height=\"500\" src=\"https:\/\/bkosi-nada-pozega.hr\/wp-content\/uploads\/2024\/09\/Beige-Initial-Letter-Logo-1-1.png\" alt=\"\" class=\"wp-image-388\" style=\"width:187px;height:auto\" srcset=\"https:\/\/bkosi-nada-pozega.hr\/wp-content\/uploads\/2024\/09\/Beige-Initial-Letter-Logo-1-1.png 500w, https:\/\/bkosi-nada-pozega.hr\/wp-content\/uploads\/2024\/09\/Beige-Initial-Letter-Logo-1-1-300x300.png 300w, https:\/\/bkosi-nada-pozega.hr\/wp-content\/uploads\/2024\/09\/Beige-Initial-Letter-Logo-1-1-150x150.png 150w\" sizes=\"auto, (max-width: 500px) 100vw, 500px\" \/><\/figure>\n\n\n\n<p><strong>Geografsko podru\u010dje provedbe projekta:<\/strong>\u00a0Po\u017ee\u0161ko-slavonska \u017eupanija, Me\u0111ugorje<\/p>\n\n\n\n<p class=\"has-base-color has-primary-background-color has-text-color has-background has-link-color wp-elements-aa20ecda4c3a175fbe3464979042440c\"><strong>Datum po\u010detka i zavr\u0161etka projekta<\/strong>: 01.02.2023. &#8211; 31.05.2023.<\/p>\n\n\n\n<p>Projekt<em>\u00a0<\/em>\u201e\u017dene koje mijenjaju svijet na bolje\u201c posve\u0107en je \u017eenama s invaliditetom, majkama djece s invaliditetom i \u017eenama koje su uklju\u010dene u rad s osobama s invaliditetom. Direktnim povezivanjem svih osoba koje djeluju za dobrobit \u017eena s invaliditetom djelujemo na bolju me\u0111usobnu povezanost i dugoro\u010dno uvjetujemo bolju uklju\u010denost ranjivih skupina. Omogu\u0107ili smo psihosocijalnu podr\u0161ku, o\u010duvanje mentalnog zdravlja \u017eena, uklju\u010divanje u zajednicu i duhovno ja\u010danje za ja\u010danje kapaciteta \u017eena &#8211; ranjivih skupina u\u00a0 zajednici. Cilj je stvaranje mre\u017ee podr\u0161ke \u017eena u zajednici. \u017dene imaju va\u017enu ulogu u procesima skrbi njege svojih \u010dlanova obitelji i statisti\u010dki su najve\u0107im brojem zaposlene na poslovima njege i osobne asistencije, stoga je podr\u0161ka od iznimne va\u017enosti.<\/p>\n\n\n\n<p class=\"has-base-color has-primary-background-color has-text-color has-background has-link-color wp-elements-e9ddb580a8eb0e6d9002e483f2571047\"><strong>Op\u0107i cilj projekta:<\/strong><\/p>\n\n\n\n<p>Psihosocijalna podr\u0161ka i ja\u010danje kapaciteta \u017eena<\/p>\n\n\n\n<p class=\"has-base-color has-primary-background-color has-text-color has-background has-link-color wp-elements-db215aa8f601353d5ab53cfee66967bb\"><strong>Specifi\u010dni ciljevi projekta<\/strong>:<\/p>\n\n\n\n<ol class=\"wp-block-list\">\n<li>Ja\u010danje kapaciteta \u017eena s invaliditetom i \u017eena koje se skrbe o osobama s invaliditetom<\/li>\n\n\n\n<li>Psihosocijalna podr\u0161ka \u2013 organizacija radionica i grupe podr\u0161ke<\/li>\n\n\n\n<li>Organizacija dru\u017eenja i socijalizacija \u017eena s invaliditetom i \u017eena koje se skrbe o osobama s invaliditetom<\/li>\n\n\n\n<li>Duhovno osna\u017eivanje \u017eena s invaliditetom i \u017eena koje se skrbe o osobama s invaliditetom<\/li>\n<\/ol>\n\n\n\n<figure class=\"wp-block-gallery has-nested-images columns-default is-cropped wp-block-gallery-1 is-layout-flex wp-block-gallery-is-layout-flex\">\n<figure class=\"wp-block-image size-large\"><img loading=\"lazy\" decoding=\"async\" width=\"1024\" height=\"768\" data-id=\"391\" src=\"https:\/\/bkosi-nada-pozega.hr\/wp-content\/uploads\/2024\/09\/IMG-f1ed97c2e8f2d5e1abc9f1ed713c52c8-V-1-1024x768.jpg\" alt=\"\" class=\"wp-image-391\" srcset=\"https:\/\/bkosi-nada-pozega.hr\/wp-content\/uploads\/2024\/09\/IMG-f1ed97c2e8f2d5e1abc9f1ed713c52c8-V-1-1024x768.jpg 1024w, https:\/\/bkosi-nada-pozega.hr\/wp-content\/uploads\/2024\/09\/IMG-f1ed97c2e8f2d5e1abc9f1ed713c52c8-V-1-300x225.jpg 300w, https:\/\/bkosi-nada-pozega.hr\/wp-content\/uploads\/2024\/09\/IMG-f1ed97c2e8f2d5e1abc9f1ed713c52c8-V-1-768x576.jpg 768w, https:\/\/bkosi-nada-pozega.hr\/wp-content\/uploads\/2024\/09\/IMG-f1ed97c2e8f2d5e1abc9f1ed713c52c8-V-1-1536x1152.jpg 1536w, https:\/\/bkosi-nada-pozega.hr\/wp-content\/uploads\/2024\/09\/IMG-f1ed97c2e8f2d5e1abc9f1ed713c52c8-V-1.jpg 1600w\" sizes=\"auto, (max-width: 1024px) 100vw, 1024px\" \/><\/figure>\n\n\n\n<figure class=\"wp-block-image size-large\"><img loading=\"lazy\" decoding=\"async\" width=\"1024\" height=\"768\" data-id=\"390\" src=\"https:\/\/bkosi-nada-pozega.hr\/wp-content\/uploads\/2024\/09\/IMG_20230418_094741-1024x768.jpg\" alt=\"\" class=\"wp-image-390\" srcset=\"https:\/\/bkosi-nada-pozega.hr\/wp-content\/uploads\/2024\/09\/IMG_20230418_094741-1024x768.jpg 1024w, https:\/\/bkosi-nada-pozega.hr\/wp-content\/uploads\/2024\/09\/IMG_20230418_094741-300x225.jpg 300w, https:\/\/bkosi-nada-pozega.hr\/wp-content\/uploads\/2024\/09\/IMG_20230418_094741-768x576.jpg 768w, https:\/\/bkosi-nada-pozega.hr\/wp-content\/uploads\/2024\/09\/IMG_20230418_094741-1536x1152.jpg 1536w, https:\/\/bkosi-nada-pozega.hr\/wp-content\/uploads\/2024\/09\/IMG_20230418_094741-2048x1536.jpg 2048w\" sizes=\"auto, (max-width: 1024px) 100vw, 1024px\" \/><\/figure>\n\n\n\n<figure class=\"wp-block-image size-large\"><img loading=\"lazy\" decoding=\"async\" width=\"768\" height=\"1024\" data-id=\"389\" src=\"https:\/\/bkosi-nada-pozega.hr\/wp-content\/uploads\/2024\/09\/IMG_20230417_134202-768x1024.jpg\" alt=\"\" class=\"wp-image-389\" srcset=\"https:\/\/bkosi-nada-pozega.hr\/wp-content\/uploads\/2024\/09\/IMG_20230417_134202-768x1024.jpg 768w, https:\/\/bkosi-nada-pozega.hr\/wp-content\/uploads\/2024\/09\/IMG_20230417_134202-225x300.jpg 225w, https:\/\/bkosi-nada-pozega.hr\/wp-content\/uploads\/2024\/09\/IMG_20230417_134202-1152x1536.jpg 1152w, https:\/\/bkosi-nada-pozega.hr\/wp-content\/uploads\/2024\/09\/IMG_20230417_134202-1536x2048.jpg 1536w, https:\/\/bkosi-nada-pozega.hr\/wp-content\/uploads\/2024\/09\/IMG_20230417_134202-scaled.jpg 1920w\" sizes=\"auto, (max-width: 768px) 100vw, 768px\" \/><\/figure>\n\n\n\n<figure class=\"wp-block-image size-large\"><img loading=\"lazy\" decoding=\"async\" width=\"1024\" height=\"768\" data-id=\"386\" src=\"https:\/\/bkosi-nada-pozega.hr\/wp-content\/uploads\/2024\/09\/20230419_092307-1-1024x768.jpg\" alt=\"\" class=\"wp-image-386\" srcset=\"https:\/\/bkosi-nada-pozega.hr\/wp-content\/uploads\/2024\/09\/20230419_092307-1-1024x768.jpg 1024w, https:\/\/bkosi-nada-pozega.hr\/wp-content\/uploads\/2024\/09\/20230419_092307-1-300x225.jpg 300w, https:\/\/bkosi-nada-pozega.hr\/wp-content\/uploads\/2024\/09\/20230419_092307-1-768x576.jpg 768w, https:\/\/bkosi-nada-pozega.hr\/wp-content\/uploads\/2024\/09\/20230419_092307-1-1536x1152.jpg 1536w, https:\/\/bkosi-nada-pozega.hr\/wp-content\/uploads\/2024\/09\/20230419_092307-1-2048x1536.jpg 2048w\" sizes=\"auto, (max-width: 1024px) 100vw, 1024px\" \/><\/figure>\n\n\n\n<figure class=\"wp-block-image size-large\"><img loading=\"lazy\" decoding=\"async\" width=\"1024\" height=\"768\" data-id=\"385\" src=\"https:\/\/bkosi-nada-pozega.hr\/wp-content\/uploads\/2024\/09\/20230419_090236-1-1024x768.jpg\" alt=\"\" class=\"wp-image-385\" srcset=\"https:\/\/bkosi-nada-pozega.hr\/wp-content\/uploads\/2024\/09\/20230419_090236-1-1024x768.jpg 1024w, https:\/\/bkosi-nada-pozega.hr\/wp-content\/uploads\/2024\/09\/20230419_090236-1-300x225.jpg 300w, https:\/\/bkosi-nada-pozega.hr\/wp-content\/uploads\/2024\/09\/20230419_090236-1-768x576.jpg 768w, https:\/\/bkosi-nada-pozega.hr\/wp-content\/uploads\/2024\/09\/20230419_090236-1-1536x1152.jpg 1536w, https:\/\/bkosi-nada-pozega.hr\/wp-content\/uploads\/2024\/09\/20230419_090236-1-2048x1536.jpg 2048w\" sizes=\"auto, (max-width: 1024px) 100vw, 1024px\" \/><\/figure>\n\n\n\n<figure class=\"wp-block-image size-large\"><img loading=\"lazy\" decoding=\"async\" width=\"768\" height=\"1024\" data-id=\"384\" src=\"https:\/\/bkosi-nada-pozega.hr\/wp-content\/uploads\/2024\/09\/20230418_102341-1-768x1024.jpg\" alt=\"\" class=\"wp-image-384\" srcset=\"https:\/\/bkosi-nada-pozega.hr\/wp-content\/uploads\/2024\/09\/20230418_102341-1-768x1024.jpg 768w, https:\/\/bkosi-nada-pozega.hr\/wp-content\/uploads\/2024\/09\/20230418_102341-1-225x300.jpg 225w, https:\/\/bkosi-nada-pozega.hr\/wp-content\/uploads\/2024\/09\/20230418_102341-1-1152x1536.jpg 1152w, https:\/\/bkosi-nada-pozega.hr\/wp-content\/uploads\/2024\/09\/20230418_102341-1-1536x2048.jpg 1536w, https:\/\/bkosi-nada-pozega.hr\/wp-content\/uploads\/2024\/09\/20230418_102341-1-scaled.jpg 1920w\" sizes=\"auto, (max-width: 768px) 100vw, 768px\" \/><\/figure>\n\n\n\n<figure class=\"wp-block-image size-large\"><img loading=\"lazy\" decoding=\"async\" width=\"1024\" height=\"768\" data-id=\"383\" src=\"https:\/\/bkosi-nada-pozega.hr\/wp-content\/uploads\/2024\/09\/20230323_164148-1-1024x768.jpg\" alt=\"\" class=\"wp-image-383\" srcset=\"https:\/\/bkosi-nada-pozega.hr\/wp-content\/uploads\/2024\/09\/20230323_164148-1-1024x768.jpg 1024w, https:\/\/bkosi-nada-pozega.hr\/wp-content\/uploads\/2024\/09\/20230323_164148-1-300x225.jpg 300w, https:\/\/bkosi-nada-pozega.hr\/wp-content\/uploads\/2024\/09\/20230323_164148-1-768x576.jpg 768w, https:\/\/bkosi-nada-pozega.hr\/wp-content\/uploads\/2024\/09\/20230323_164148-1-1536x1152.jpg 1536w, https:\/\/bkosi-nada-pozega.hr\/wp-content\/uploads\/2024\/09\/20230323_164148-1-2048x1536.jpg 2048w\" sizes=\"auto, (max-width: 1024px) 100vw, 1024px\" \/><\/figure>\n\n\n\n<figure class=\"wp-block-image size-large\"><img loading=\"lazy\" decoding=\"async\" width=\"1024\" height=\"768\" data-id=\"382\" src=\"https:\/\/bkosi-nada-pozega.hr\/wp-content\/uploads\/2024\/09\/20230213_185136-1-1024x768.jpg\" alt=\"\" class=\"wp-image-382\" srcset=\"https:\/\/bkosi-nada-pozega.hr\/wp-content\/uploads\/2024\/09\/20230213_185136-1-1024x768.jpg 1024w, https:\/\/bkosi-nada-pozega.hr\/wp-content\/uploads\/2024\/09\/20230213_185136-1-300x225.jpg 300w, https:\/\/bkosi-nada-pozega.hr\/wp-content\/uploads\/2024\/09\/20230213_185136-1-768x576.jpg 768w, https:\/\/bkosi-nada-pozega.hr\/wp-content\/uploads\/2024\/09\/20230213_185136-1-1536x1152.jpg 1536w, https:\/\/bkosi-nada-pozega.hr\/wp-content\/uploads\/2024\/09\/20230213_185136-1-2048x1536.jpg 2048w\" sizes=\"auto, (max-width: 1024px) 100vw, 1024px\" \/><\/figure>\n<\/figure>\n\n\n\n<figure class=\"wp-block-gallery has-nested-images columns-default is-cropped wp-block-gallery-2 is-layout-flex wp-block-gallery-is-layout-flex\">\n<figure class=\"wp-block-image size-large\"><img loading=\"lazy\" decoding=\"async\" width=\"437\" height=\"1024\" data-id=\"387\" src=\"https:\/\/bkosi-nada-pozega.hr\/wp-content\/uploads\/2024\/09\/banner-Ekumena-1-437x1024.png\" alt=\"\" class=\"wp-image-387\" srcset=\"https:\/\/bkosi-nada-pozega.hr\/wp-content\/uploads\/2024\/09\/banner-Ekumena-1-437x1024.png 437w, https:\/\/bkosi-nada-pozega.hr\/wp-content\/uploads\/2024\/09\/banner-Ekumena-1-128x300.png 128w, https:\/\/bkosi-nada-pozega.hr\/wp-content\/uploads\/2024\/09\/banner-Ekumena-1-768x1799.png 768w, https:\/\/bkosi-nada-pozega.hr\/wp-content\/uploads\/2024\/09\/banner-Ekumena-1-656x1536.png 656w, https:\/\/bkosi-nada-pozega.hr\/wp-content\/uploads\/2024\/09\/banner-Ekumena-1-874x2048.png 874w, https:\/\/bkosi-nada-pozega.hr\/wp-content\/uploads\/2024\/09\/banner-Ekumena-1.png 1494w\" sizes=\"auto, (max-width: 437px) 100vw, 437px\" \/><\/figure>\n\n\n\n<figure class=\"wp-block-image size-large\"><img loading=\"lazy\" decoding=\"async\" width=\"512\" height=\"1024\" data-id=\"392\" src=\"https:\/\/bkosi-nada-pozega.hr\/wp-content\/uploads\/2024\/09\/logo-1-ekumena-512x1024.png\" alt=\"\" class=\"wp-image-392\" srcset=\"https:\/\/bkosi-nada-pozega.hr\/wp-content\/uploads\/2024\/09\/logo-1-ekumena-512x1024.png 512w, https:\/\/bkosi-nada-pozega.hr\/wp-content\/uploads\/2024\/09\/logo-1-ekumena-150x300.png 150w, https:\/\/bkosi-nada-pozega.hr\/wp-content\/uploads\/2024\/09\/logo-1-ekumena-768x1536.png 768w, https:\/\/bkosi-nada-pozega.hr\/wp-content\/uploads\/2024\/09\/logo-1-ekumena-1024x2048.png 1024w, https:\/\/bkosi-nada-pozega.hr\/wp-content\/uploads\/2024\/09\/logo-1-ekumena.png 1950w\" sizes=\"auto, (max-width: 512px) 100vw, 512px\" \/><\/figure>\n<\/figure>\n\n\n\n<p><\/p>\n","protected":false},"excerpt":{"rendered":"<p>Geografsko podru\u010dje provedbe projekta:\u00a0Po\u017ee\u0161ko-slavonska \u017eupanija, Me\u0111ugorje Datum po\u010detka i zavr\u0161etka projekta: 01.02.2023. &#8211; 31.05.2023. Projekt\u00a0\u201e\u017dene koje mijenjaju svijet na bolje\u201c posve\u0107en je \u017eenama s invaliditetom, majkama djece s invaliditetom i \u017eenama koje su uklju\u010dene u rad s osobama s invaliditetom. Direktnim povezivanjem svih osoba koje djeluju za dobrobit \u017eena s invaliditetom djelujemo na bolju me\u0111usobnu [&hellip;]<\/p>\n","protected":false},"author":3,"featured_media":0,"parent":0,"menu_order":0,"comment_status":"closed","ping_status":"closed","template":"","meta":{"_starter_page_template":"","_wpcom_template_layout_category":[],"footnotes":""},"class_list":["post-378","page","type-page","status-publish","hentry"],"_links":{"self":[{"href":"https:\/\/bkosi-nada-pozega.hr\/index.php\/wp-json\/wp\/v2\/pages\/378","targetHints":{"allow":["GET"]}}],"collection":[{"href":"https:\/\/bkosi-nada-pozega.hr\/index.php\/wp-json\/wp\/v2\/pages"}],"about":[{"href":"https:\/\/bkosi-nada-pozega.hr\/index.php\/wp-json\/wp\/v2\/types\/page"}],"author":[{"embeddable":true,"href":"https:\/\/bkosi-nada-pozega.hr\/index.php\/wp-json\/wp\/v2\/users\/3"}],"replies":[{"embeddable":true,"href":"https:\/\/bkosi-nada-pozega.hr\/index.php\/wp-json\/wp\/v2\/comments?post=378"}],"version-history":[{"count":2,"href":"https:\/\/bkosi-nada-pozega.hr\/index.php\/wp-json\/wp\/v2\/pages\/378\/revisions"}],"predecessor-version":[{"id":393,"href":"https:\/\/bkosi-nada-pozega.hr\/index.php\/wp-json\/wp\/v2\/pages\/378\/revisions\/393"}],"wp:attachment":[{"href":"https:\/\/bkosi-nada-pozega.hr\/index.php\/wp-json\/wp\/v2\/media?parent=378"}],"curies":[{"name":"wp","href":"https:\/\/api.w.org\/{rel}","templated":true}]}}