{"id":293,"date":"2024-09-27T11:36:52","date_gmt":"2024-09-27T11:36:52","guid":{"rendered":"https:\/\/bkosi-nada-pozega.hr\/?page_id=293"},"modified":"2024-09-28T09:42:42","modified_gmt":"2024-09-28T09:42:42","slug":"program-all-inclusive-klub-za-osobe-s-invaliditetom","status":"publish","type":"page","link":"https:\/\/bkosi-nada-pozega.hr\/index.php\/program-all-inclusive-klub-za-osobe-s-invaliditetom\/","title":{"rendered":"PROJEKT: \u201eAll inclusive\u201c- \u00a0klub za osobe s invaliditetom"},"content":{"rendered":"\n<figure class=\"wp-block-image aligncenter size-full\"><img loading=\"lazy\" decoding=\"async\" width=\"414\" height=\"180\" src=\"https:\/\/bkosi-nada-pozega.hr\/wp-content\/uploads\/2024\/09\/Minimalist-House-Line-Real-Estate-Logo-3.png\" alt=\"\" class=\"wp-image-440\" srcset=\"https:\/\/bkosi-nada-pozega.hr\/wp-content\/uploads\/2024\/09\/Minimalist-House-Line-Real-Estate-Logo-3.png 414w, https:\/\/bkosi-nada-pozega.hr\/wp-content\/uploads\/2024\/09\/Minimalist-House-Line-Real-Estate-Logo-3-300x130.png 300w\" sizes=\"auto, (max-width: 414px) 100vw, 414px\" \/><\/figure>\n\n\n\n<p class=\"has-base-color has-primary-background-color has-text-color has-background has-link-color wp-elements-e0ef368440b4e4c1c7c2e796fb20503f\">Program <strong>Ministarstva rada, mirovinskoga sustava, obitelji i socijalne politike<\/strong><\/p>\n\n\n\n<p><strong>Partneri u projektu:&nbsp;&nbsp;<\/strong><a>Grad Po\u017eega, Po\u017ee\u0161ki sportski savez<\/a><\/p>\n\n\n\n<p class=\"has-base-color has-primary-background-color has-text-color has-background has-link-color wp-elements-a2d6b86f047c70f1862c19a3bef44269\"><strong>Op\u0107i cilj projekta<\/strong>: Razvoj izvaninstitucijskih socijalnih usluga za osobe s invaliditetom i njihove obitelji<\/p>\n\n\n\n<p>Razvoj izvaninstitucijskih socijalnih usluga za osobe s invaliditetom i njihove obitelji<\/p>\n\n\n\n<p><strong>Specifi\u010dni ciljevi programa<\/strong><strong><\/strong><\/p>\n\n\n\n<ol class=\"wp-block-list\">\n<li>Uspostava mobilnog tima za pru\u017eanje usluga radno-terapeutskih aktivnosti i usmjerenog vje\u017ebanja<\/li>\n\n\n\n<li>Razvoj inkluzivnog volonterstva kroz \u201e<strong>Bee cool &#8211; volontiraj!<\/strong>\u201c klub osoba s invaliditetom<\/li>\n\n\n\n<li>Psiholo\u0161ka podr\u0161ka osobama s invaliditetom i \u010dlanovima njihovih obitelji<\/li>\n\n\n\n<li>Organizacija studijskih putovanja za osobe s invaliditetom i \u010dlanove njihovih obitelji<\/li>\n\n\n\n<li>Ja\u010danje kapaciteta osoba s invaliditetom i \u010dlanova njihovih obitelji za samozastupanje kroz organizaciju edukacija o pravima iz sustava<\/li>\n\n\n\n<li>Organizacija edukativnih radionica<\/li>\n<\/ol>\n\n\n\n<p class=\"has-base-color has-primary-background-color has-text-color has-background has-link-color wp-elements-a8b6a566e302fd240ba0231a0a51a187\">Program se sastoji od organiziranih aktivnosti Kluba koji \u0107e se oformiti u sklopu programa. Klub \u0107e nuditi usluge za osobe s invaliditetom bez obzira na stupanj invalidnosti,&nbsp; uz naglasak na uklju\u010divanje \u010dlanova obitelji.&nbsp; Aktivnosti kluba podijeljene su na aktivnosti koje se odr\u017eavaju u prostorima predvi\u0111enima za provedbu programa (sportska dvorana, prostor udruge), aktivnosti u ku\u0107i korisnika (mobilni tim) te aktivnosti na otvorenome i na podru\u010dju Republike Hrvatske.&nbsp;<\/p>\n\n\n\n<p>Vrijednost programa : 32.000,00 EUR&nbsp; (godi\u0161nje)<\/p>\n\n\n\n<p class=\"has-base-color has-primary-background-color has-text-color has-background has-link-color wp-elements-bd344276765a0352023631a2a8d4c33f\">Trajanje programa: 01.06.2023. &#8211; 31.05.2026.<\/p>\n\n\n\n<p><\/p>\n\n\n\n<figure class=\"wp-block-gallery has-nested-images columns-default is-cropped wp-block-gallery-1 is-layout-flex wp-block-gallery-is-layout-flex\">\n<figure class=\"wp-block-image size-large\"><img loading=\"lazy\" decoding=\"async\" width=\"461\" height=\"1024\" data-id=\"304\" src=\"https:\/\/bkosi-nada-pozega.hr\/wp-content\/uploads\/2024\/09\/5749654254-461x1024.jpg\" alt=\"\" class=\"wp-image-304\" srcset=\"https:\/\/bkosi-nada-pozega.hr\/wp-content\/uploads\/2024\/09\/5749654254-461x1024.jpg 461w, https:\/\/bkosi-nada-pozega.hr\/wp-content\/uploads\/2024\/09\/5749654254-135x300.jpg 135w, https:\/\/bkosi-nada-pozega.hr\/wp-content\/uploads\/2024\/09\/5749654254-768x1705.jpg 768w, https:\/\/bkosi-nada-pozega.hr\/wp-content\/uploads\/2024\/09\/5749654254-692x1536.jpg 692w, https:\/\/bkosi-nada-pozega.hr\/wp-content\/uploads\/2024\/09\/5749654254.jpg 908w\" sizes=\"auto, (max-width: 461px) 100vw, 461px\" \/><\/figure>\n\n\n\n<figure class=\"wp-block-image size-large\"><img loading=\"lazy\" decoding=\"async\" width=\"1024\" height=\"766\" data-id=\"303\" src=\"https:\/\/bkosi-nada-pozega.hr\/wp-content\/uploads\/2024\/09\/449123503_1840359949781112_8642530650328935639_n-1024x766.jpg\" alt=\"\" class=\"wp-image-303\" srcset=\"https:\/\/bkosi-nada-pozega.hr\/wp-content\/uploads\/2024\/09\/449123503_1840359949781112_8642530650328935639_n-1024x766.jpg 1024w, https:\/\/bkosi-nada-pozega.hr\/wp-content\/uploads\/2024\/09\/449123503_1840359949781112_8642530650328935639_n-300x224.jpg 300w, https:\/\/bkosi-nada-pozega.hr\/wp-content\/uploads\/2024\/09\/449123503_1840359949781112_8642530650328935639_n-768x575.jpg 768w, https:\/\/bkosi-nada-pozega.hr\/wp-content\/uploads\/2024\/09\/449123503_1840359949781112_8642530650328935639_n-1536x1149.jpg 1536w, https:\/\/bkosi-nada-pozega.hr\/wp-content\/uploads\/2024\/09\/449123503_1840359949781112_8642530650328935639_n.jpg 1600w\" sizes=\"auto, (max-width: 1024px) 100vw, 1024px\" \/><\/figure>\n\n\n\n<figure class=\"wp-block-image size-large\"><img loading=\"lazy\" decoding=\"async\" width=\"768\" height=\"1024\" data-id=\"302\" src=\"https:\/\/bkosi-nada-pozega.hr\/wp-content\/uploads\/2024\/09\/449067148_836274964662692_7946232290038241272_n-768x1024.jpg\" alt=\"\" class=\"wp-image-302\" srcset=\"https:\/\/bkosi-nada-pozega.hr\/wp-content\/uploads\/2024\/09\/449067148_836274964662692_7946232290038241272_n-768x1024.jpg 768w, https:\/\/bkosi-nada-pozega.hr\/wp-content\/uploads\/2024\/09\/449067148_836274964662692_7946232290038241272_n-225x300.jpg 225w, https:\/\/bkosi-nada-pozega.hr\/wp-content\/uploads\/2024\/09\/449067148_836274964662692_7946232290038241272_n-1152x1536.jpg 1152w, https:\/\/bkosi-nada-pozega.hr\/wp-content\/uploads\/2024\/09\/449067148_836274964662692_7946232290038241272_n.jpg 1536w\" sizes=\"auto, (max-width: 768px) 100vw, 768px\" \/><\/figure>\n\n\n\n<figure class=\"wp-block-image size-large\"><img loading=\"lazy\" decoding=\"async\" width=\"768\" height=\"1024\" data-id=\"301\" src=\"https:\/\/bkosi-nada-pozega.hr\/wp-content\/uploads\/2024\/09\/448832283_970909061429865_3094036943146652185_n-768x1024.jpg\" alt=\"\" class=\"wp-image-301\" srcset=\"https:\/\/bkosi-nada-pozega.hr\/wp-content\/uploads\/2024\/09\/448832283_970909061429865_3094036943146652185_n-768x1024.jpg 768w, https:\/\/bkosi-nada-pozega.hr\/wp-content\/uploads\/2024\/09\/448832283_970909061429865_3094036943146652185_n-225x300.jpg 225w, https:\/\/bkosi-nada-pozega.hr\/wp-content\/uploads\/2024\/09\/448832283_970909061429865_3094036943146652185_n-1152x1536.jpg 1152w, https:\/\/bkosi-nada-pozega.hr\/wp-content\/uploads\/2024\/09\/448832283_970909061429865_3094036943146652185_n.jpg 1536w\" sizes=\"auto, (max-width: 768px) 100vw, 768px\" \/><\/figure>\n\n\n\n<figure class=\"wp-block-image size-large\"><img loading=\"lazy\" decoding=\"async\" width=\"1024\" height=\"768\" data-id=\"300\" src=\"https:\/\/bkosi-nada-pozega.hr\/wp-content\/uploads\/2024\/09\/448748956_845660136983409_3633529232841727638_n-1024x768.jpg\" alt=\"\" class=\"wp-image-300\" srcset=\"https:\/\/bkosi-nada-pozega.hr\/wp-content\/uploads\/2024\/09\/448748956_845660136983409_3633529232841727638_n-1024x768.jpg 1024w, https:\/\/bkosi-nada-pozega.hr\/wp-content\/uploads\/2024\/09\/448748956_845660136983409_3633529232841727638_n-300x225.jpg 300w, https:\/\/bkosi-nada-pozega.hr\/wp-content\/uploads\/2024\/09\/448748956_845660136983409_3633529232841727638_n-768x576.jpg 768w, https:\/\/bkosi-nada-pozega.hr\/wp-content\/uploads\/2024\/09\/448748956_845660136983409_3633529232841727638_n-1536x1152.jpg 1536w, https:\/\/bkosi-nada-pozega.hr\/wp-content\/uploads\/2024\/09\/448748956_845660136983409_3633529232841727638_n.jpg 2048w\" sizes=\"auto, (max-width: 1024px) 100vw, 1024px\" \/><\/figure>\n\n\n\n<figure class=\"wp-block-image size-large\"><img loading=\"lazy\" decoding=\"async\" width=\"768\" height=\"1024\" data-id=\"299\" src=\"https:\/\/bkosi-nada-pozega.hr\/wp-content\/uploads\/2024\/09\/448493489_523426740018503_6350898787685750669_n-768x1024.jpg\" alt=\"\" class=\"wp-image-299\" srcset=\"https:\/\/bkosi-nada-pozega.hr\/wp-content\/uploads\/2024\/09\/448493489_523426740018503_6350898787685750669_n-768x1024.jpg 768w, https:\/\/bkosi-nada-pozega.hr\/wp-content\/uploads\/2024\/09\/448493489_523426740018503_6350898787685750669_n-225x300.jpg 225w, https:\/\/bkosi-nada-pozega.hr\/wp-content\/uploads\/2024\/09\/448493489_523426740018503_6350898787685750669_n-1152x1536.jpg 1152w, https:\/\/bkosi-nada-pozega.hr\/wp-content\/uploads\/2024\/09\/448493489_523426740018503_6350898787685750669_n.jpg 1536w\" sizes=\"auto, (max-width: 768px) 100vw, 768px\" \/><\/figure>\n\n\n\n<figure class=\"wp-block-image size-large\"><img loading=\"lazy\" decoding=\"async\" width=\"1024\" height=\"768\" data-id=\"298\" src=\"https:\/\/bkosi-nada-pozega.hr\/wp-content\/uploads\/2024\/09\/448417757_501056569148330_3410262092068353548_n-1024x768.jpg\" alt=\"\" class=\"wp-image-298\" srcset=\"https:\/\/bkosi-nada-pozega.hr\/wp-content\/uploads\/2024\/09\/448417757_501056569148330_3410262092068353548_n-1024x768.jpg 1024w, https:\/\/bkosi-nada-pozega.hr\/wp-content\/uploads\/2024\/09\/448417757_501056569148330_3410262092068353548_n-300x225.jpg 300w, https:\/\/bkosi-nada-pozega.hr\/wp-content\/uploads\/2024\/09\/448417757_501056569148330_3410262092068353548_n-768x576.jpg 768w, https:\/\/bkosi-nada-pozega.hr\/wp-content\/uploads\/2024\/09\/448417757_501056569148330_3410262092068353548_n-1536x1152.jpg 1536w, https:\/\/bkosi-nada-pozega.hr\/wp-content\/uploads\/2024\/09\/448417757_501056569148330_3410262092068353548_n.jpg 2048w\" sizes=\"auto, (max-width: 1024px) 100vw, 1024px\" \/><\/figure>\n\n\n\n<figure class=\"wp-block-image size-large\"><img loading=\"lazy\" decoding=\"async\" width=\"1024\" height=\"768\" data-id=\"297\" src=\"https:\/\/bkosi-nada-pozega.hr\/wp-content\/uploads\/2024\/09\/418948120_1630758861076985_9140601828289969130_n-1024x768.jpg\" alt=\"\" class=\"wp-image-297\" srcset=\"https:\/\/bkosi-nada-pozega.hr\/wp-content\/uploads\/2024\/09\/418948120_1630758861076985_9140601828289969130_n-1024x768.jpg 1024w, https:\/\/bkosi-nada-pozega.hr\/wp-content\/uploads\/2024\/09\/418948120_1630758861076985_9140601828289969130_n-300x225.jpg 300w, https:\/\/bkosi-nada-pozega.hr\/wp-content\/uploads\/2024\/09\/418948120_1630758861076985_9140601828289969130_n-768x576.jpg 768w, https:\/\/bkosi-nada-pozega.hr\/wp-content\/uploads\/2024\/09\/418948120_1630758861076985_9140601828289969130_n-1536x1152.jpg 1536w, https:\/\/bkosi-nada-pozega.hr\/wp-content\/uploads\/2024\/09\/418948120_1630758861076985_9140601828289969130_n.jpg 2048w\" sizes=\"auto, (max-width: 1024px) 100vw, 1024px\" \/><\/figure>\n\n\n\n<figure class=\"wp-block-image size-large\"><img loading=\"lazy\" decoding=\"async\" width=\"577\" height=\"1024\" data-id=\"296\" src=\"https:\/\/bkosi-nada-pozega.hr\/wp-content\/uploads\/2024\/09\/112-2-577x1024.jpg\" alt=\"\" class=\"wp-image-296\" srcset=\"https:\/\/bkosi-nada-pozega.hr\/wp-content\/uploads\/2024\/09\/112-2-577x1024.jpg 577w, https:\/\/bkosi-nada-pozega.hr\/wp-content\/uploads\/2024\/09\/112-2-169x300.jpg 169w, https:\/\/bkosi-nada-pozega.hr\/wp-content\/uploads\/2024\/09\/112-2-768x1364.jpg 768w, https:\/\/bkosi-nada-pozega.hr\/wp-content\/uploads\/2024\/09\/112-2-865x1536.jpg 865w, https:\/\/bkosi-nada-pozega.hr\/wp-content\/uploads\/2024\/09\/112-2-1153x2048.jpg 1153w, https:\/\/bkosi-nada-pozega.hr\/wp-content\/uploads\/2024\/09\/112-2-scaled.jpg 1441w\" sizes=\"auto, (max-width: 577px) 100vw, 577px\" \/><\/figure>\n\n\n\n<figure class=\"wp-block-image size-large\"><img loading=\"lazy\" decoding=\"async\" width=\"461\" height=\"1024\" data-id=\"295\" src=\"https:\/\/bkosi-nada-pozega.hr\/wp-content\/uploads\/2024\/09\/00-461x1024.jpg\" alt=\"\" class=\"wp-image-295\" srcset=\"https:\/\/bkosi-nada-pozega.hr\/wp-content\/uploads\/2024\/09\/00-461x1024.jpg 461w, https:\/\/bkosi-nada-pozega.hr\/wp-content\/uploads\/2024\/09\/00-135x300.jpg 135w, https:\/\/bkosi-nada-pozega.hr\/wp-content\/uploads\/2024\/09\/00-768x1705.jpg 768w, https:\/\/bkosi-nada-pozega.hr\/wp-content\/uploads\/2024\/09\/00-692x1536.jpg 692w, https:\/\/bkosi-nada-pozega.hr\/wp-content\/uploads\/2024\/09\/00.jpg 908w\" sizes=\"auto, (max-width: 461px) 100vw, 461px\" \/><\/figure>\n\n\n\n<figure class=\"wp-block-image size-large\"><img loading=\"lazy\" decoding=\"async\" width=\"768\" height=\"1024\" data-id=\"294\" src=\"https:\/\/bkosi-nada-pozega.hr\/wp-content\/uploads\/2024\/09\/lkjiuhzg-768x1024.jpg\" alt=\"\" class=\"wp-image-294\" srcset=\"https:\/\/bkosi-nada-pozega.hr\/wp-content\/uploads\/2024\/09\/lkjiuhzg-768x1024.jpg 768w, https:\/\/bkosi-nada-pozega.hr\/wp-content\/uploads\/2024\/09\/lkjiuhzg-225x300.jpg 225w, https:\/\/bkosi-nada-pozega.hr\/wp-content\/uploads\/2024\/09\/lkjiuhzg-1152x1536.jpg 1152w, https:\/\/bkosi-nada-pozega.hr\/wp-content\/uploads\/2024\/09\/lkjiuhzg.jpg 1500w\" sizes=\"auto, (max-width: 768px) 100vw, 768px\" \/><\/figure>\n\n\n\n<figure class=\"wp-block-image size-large\"><img loading=\"lazy\" decoding=\"async\" width=\"1024\" height=\"768\" data-id=\"306\" src=\"https:\/\/bkosi-nada-pozega.hr\/wp-content\/uploads\/2024\/09\/20240404_160245-1024x768.jpg\" alt=\"\" class=\"wp-image-306\" srcset=\"https:\/\/bkosi-nada-pozega.hr\/wp-content\/uploads\/2024\/09\/20240404_160245-1024x768.jpg 1024w, https:\/\/bkosi-nada-pozega.hr\/wp-content\/uploads\/2024\/09\/20240404_160245-300x225.jpg 300w, https:\/\/bkosi-nada-pozega.hr\/wp-content\/uploads\/2024\/09\/20240404_160245-768x576.jpg 768w, https:\/\/bkosi-nada-pozega.hr\/wp-content\/uploads\/2024\/09\/20240404_160245-1536x1152.jpg 1536w, https:\/\/bkosi-nada-pozega.hr\/wp-content\/uploads\/2024\/09\/20240404_160245-2048x1536.jpg 2048w\" sizes=\"auto, (max-width: 1024px) 100vw, 1024px\" \/><\/figure>\n\n\n\n<figure class=\"wp-block-image size-large\"><img loading=\"lazy\" decoding=\"async\" width=\"1024\" height=\"768\" data-id=\"307\" src=\"https:\/\/bkosi-nada-pozega.hr\/wp-content\/uploads\/2024\/09\/20240501_101515-1024x768.jpg\" alt=\"\" class=\"wp-image-307\" srcset=\"https:\/\/bkosi-nada-pozega.hr\/wp-content\/uploads\/2024\/09\/20240501_101515-1024x768.jpg 1024w, https:\/\/bkosi-nada-pozega.hr\/wp-content\/uploads\/2024\/09\/20240501_101515-300x225.jpg 300w, https:\/\/bkosi-nada-pozega.hr\/wp-content\/uploads\/2024\/09\/20240501_101515-768x576.jpg 768w, https:\/\/bkosi-nada-pozega.hr\/wp-content\/uploads\/2024\/09\/20240501_101515-1536x1152.jpg 1536w, https:\/\/bkosi-nada-pozega.hr\/wp-content\/uploads\/2024\/09\/20240501_101515-2048x1536.jpg 2048w\" sizes=\"auto, (max-width: 1024px) 100vw, 1024px\" \/><\/figure>\n<\/figure>\n\n\n\n<p><\/p>\n","protected":false},"excerpt":{"rendered":"<p>Program Ministarstva rada, mirovinskoga sustava, obitelji i socijalne politike Partneri u projektu:&nbsp;&nbsp;Grad Po\u017eega, Po\u017ee\u0161ki sportski savez Op\u0107i cilj projekta: Razvoj izvaninstitucijskih socijalnih usluga za osobe s invaliditetom i njihove obitelji Razvoj izvaninstitucijskih socijalnih usluga za osobe s invaliditetom i njihove obitelji Specifi\u010dni ciljevi programa Program se sastoji od organiziranih aktivnosti Kluba koji \u0107e se oformiti [&hellip;]<\/p>\n","protected":false},"author":3,"featured_media":0,"parent":0,"menu_order":0,"comment_status":"closed","ping_status":"closed","template":"","meta":{"_starter_page_template":"","_wpcom_template_layout_category":[],"footnotes":""},"class_list":["post-293","page","type-page","status-publish","hentry"],"_links":{"self":[{"href":"https:\/\/bkosi-nada-pozega.hr\/index.php\/wp-json\/wp\/v2\/pages\/293","targetHints":{"allow":["GET"]}}],"collection":[{"href":"https:\/\/bkosi-nada-pozega.hr\/index.php\/wp-json\/wp\/v2\/pages"}],"about":[{"href":"https:\/\/bkosi-nada-pozega.hr\/index.php\/wp-json\/wp\/v2\/types\/page"}],"author":[{"embeddable":true,"href":"https:\/\/bkosi-nada-pozega.hr\/index.php\/wp-json\/wp\/v2\/users\/3"}],"replies":[{"embeddable":true,"href":"https:\/\/bkosi-nada-pozega.hr\/index.php\/wp-json\/wp\/v2\/comments?post=293"}],"version-history":[{"count":8,"href":"https:\/\/bkosi-nada-pozega.hr\/index.php\/wp-json\/wp\/v2\/pages\/293\/revisions"}],"predecessor-version":[{"id":441,"href":"https:\/\/bkosi-nada-pozega.hr\/index.php\/wp-json\/wp\/v2\/pages\/293\/revisions\/441"}],"wp:attachment":[{"href":"https:\/\/bkosi-nada-pozega.hr\/index.php\/wp-json\/wp\/v2\/media?parent=293"}],"curies":[{"name":"wp","href":"https:\/\/api.w.org\/{rel}","templated":true}]}}