{"id":25,"date":"2024-09-24T07:27:20","date_gmt":"2024-09-24T07:27:20","guid":{"rendered":"https:\/\/bkosi-nada-pozega.hr\/?page_id=25"},"modified":"2025-09-02T17:25:00","modified_gmt":"2025-09-02T17:25:00","slug":"o-nama","status":"publish","type":"page","link":"https:\/\/bkosi-nada-pozega.hr\/index.php\/o-nama\/","title":{"rendered":"O nama"},"content":{"rendered":"\n<p class=\"has-text-align-left\">PARASPORTSKI BOCCIA KLUB &#8220;NADA&#8221; PO\u017dEGA je neprofitna i humanitarna organizacija koja okuplja osobe s tjelesnim o\u0161te\u0107enjima koje su oboljele od cerebralne i dje\u010dje paralize, distrofije mi\u0161i\u0107a i ostalih srodnih tjelesnih o\u0161te\u0107enja, odnosno osobe koje boluju od kroni\u010dnih nezaraznih bolesti koje uzrokuju trajna o\u0161te\u0107enja.<\/p>\n\n\n\n<p class=\"has-text-align-left has-base-color has-primary-background-color has-text-color has-background has-link-color wp-elements-c9c215d151fd60cb25ba6d9c466614b0\">Udruga ima bogato iskustvo u provo\u0111enju sportskih aktivnosti i zdravstvenih programa i treninga, te profesionalnom bavljenju sportom.&nbsp; Vrlo uspje\u0161no sudjelujemo i provodimo programe za osobe s invaliditetom u zajednici, a va\u017eno je napomenuti kako su \u010dlanovi na\u0161eg kluba ve\u0107 nekoliko godina za redom progla\u0161eni sporta\u0161ima godine u Po\u017ee\u0161ko-slavonskoj \u017eupaniji. Aktivno se bavimo promocijom sporta, o\u010duvanja zdravlja i inkluzije osoba s kroni\u010dnim bolestima, te pru\u017eamo \u0161irok spektar psihosocijalnih&nbsp; usluga osobama s invaliditetom u zajednici.&nbsp; \u010clanica smo Hrvatskog Boccia saveza i Po\u017ee\u0161kog sportskog saveza.&nbsp;<\/p>\n\n\n\n<figure class=\"wp-block-image aligncenter size-large is-resized\"><img loading=\"lazy\" decoding=\"async\" width=\"1024\" height=\"766\" src=\"https:\/\/bkosi-nada-pozega.hr\/wp-content\/uploads\/2024\/09\/449445637_982853960302426_2522583957167489260_n-1024x766.jpg\" alt=\"\" class=\"wp-image-501\" style=\"width:682px;height:auto\" srcset=\"https:\/\/bkosi-nada-pozega.hr\/wp-content\/uploads\/2024\/09\/449445637_982853960302426_2522583957167489260_n-1024x766.jpg 1024w, https:\/\/bkosi-nada-pozega.hr\/wp-content\/uploads\/2024\/09\/449445637_982853960302426_2522583957167489260_n-300x224.jpg 300w, https:\/\/bkosi-nada-pozega.hr\/wp-content\/uploads\/2024\/09\/449445637_982853960302426_2522583957167489260_n-768x575.jpg 768w, https:\/\/bkosi-nada-pozega.hr\/wp-content\/uploads\/2024\/09\/449445637_982853960302426_2522583957167489260_n-1536x1149.jpg 1536w, https:\/\/bkosi-nada-pozega.hr\/wp-content\/uploads\/2024\/09\/449445637_982853960302426_2522583957167489260_n.jpg 1600w\" sizes=\"auto, (max-width: 1024px) 100vw, 1024px\" \/><\/figure>\n\n\n\n<p>NA\u0160A VIZIJA:<br>Vizija i svrha&nbsp;postojanja kluba je rehabilitacija,&nbsp;socijalizacija, inkluzija i podr\u0161ka osobama s najte\u017eom vrstom i stupnjem invalidnosti kroz organizaciju razli\u010ditih sportskih&nbsp;programa,&nbsp;sportskih natjecanja&nbsp;u bo\u0107anju, sportske rekreacije i&nbsp;op\u0107enito podr\u0161ke u svakodnevnom \u017eivotu, profesionalnoj re\/habilitaciji, socijalnoj interakciji i uklju\u010divanju u&nbsp;zajednicu&nbsp;za&nbsp;sve&nbsp;osobe&nbsp;s&nbsp;invaliditetom&nbsp;na&nbsp;podru\u010dju&nbsp;Po\u017ee\u0161ko-slavonske \u017eupanije.<\/p>\n\n\n\n<p class=\"has-base-color has-primary-background-color has-text-color has-background has-link-color wp-elements-63482701ee683179af1d123fe1a7e832\">NA\u0160A MISIJA:<br>Promid\u017eba,&nbsp;razvoj,&nbsp;organizacija&nbsp;i&nbsp;unapre\u0111enje&nbsp;bo\u0107anja&nbsp;osoba&nbsp;s invaliditetom u&nbsp;\u017eupaniji&nbsp;Po\u017ee\u0161ko-slavonskoj,&nbsp;Republici Hrvatskoj, te svim&nbsp;ostalim&nbsp;me\u0111unarodnim&nbsp;srodnim&nbsp;udru\u017eenjima&nbsp;od&nbsp;interesa&nbsp;za promicanje sporta i kvalitete&nbsp;\u017eivljenja osoba s invaliditetom.<\/p>\n\n\n\n<p><\/p>\n\n\n\n<p>NA\u010cELA I PRINCIPI DJELOVANJA KLUBA:<br>* Po\u0161tivanje i za\u0161tita ljudskih prava i uva\u017eavanje razli\u010ditosti<br>* Zabranjen svaki&nbsp;oblik diskriminacije<br>* Me\u0111usobno uva\u017eavanje&nbsp;\u010dlanova i po\u0161tivanje razli\u010ditih interesa<br>* Otvorena komunikacija i pravodobna razmjena informacija me\u0111u&nbsp;\u010dlanovima<br>* Unaprijed ugovoren i zajedni\u010dki nastup prema institucijama vlasti<br>* Demokratsko dono\u0161enje odluka i ravnopravna zastupljenost&nbsp;\u010dlanova u&nbsp;procesu dono\u0161enja i provedbi odluka<br>* Odgovornost&nbsp;\u010dlanova za transparentan rad udruge<br>* Promicanje vrijednosti osoba sa invaliditetom u zajednici<\/p>\n\n\n\n<p><\/p>\n\n\n\n<p>CILJEVI UDRUGE:<br>1.&nbsp;Unapre\u0111ivanje zdravlja, rehabilitacija i sportske rekreacije osoba s invaliditetom kroz aktivnosti bo\u0107anja, te sprje\u010davanje institucionalizacije osoba s invaliditetom i poticanje resocijalizacije<br>2.&nbsp;Razvitak,&nbsp;unapre\u0111enje&nbsp;i&nbsp;organiziranje&nbsp;pojedina\u010dnih&nbsp;i&nbsp;ekipnih&nbsp;natjecanja&nbsp;na podru\u010dju grada Po\u017eege i&nbsp;Po\u017ee\u0161ko-slavonske \u017eupanije, te na podru\u010dju&nbsp;cijele Republike Hrvatske<br>3.&nbsp;Sudjelovanje na organiziranim natjecanjima na lokalnoj, regionalnoj, dr\u017eavnoj i me\u0111unarodnoj razini<br>4.&nbsp;Razvitak i unapre\u0111enje me\u0111usobne suradnje tuzemnih i inozemnih klubova<br>5.&nbsp;\u0160irenje mogu\u0107nosti za osobe s invaliditetom u cilju sudjelovanja u raznim oblicima natjecanja i sportske rekreacije u bo\u0107anju i njihovog pristupa programima treninga s ciljem pobolj\u0161anja njihove vje\u0161tine<br>6.&nbsp;Organiziranje&nbsp;stru\u010dnog rada s igra\u010dima, trenerima i&nbsp;sucima; predstavljanje bo\u0107anja osoba s invaliditetom grada Po\u017eege i&nbsp;Po\u017ee\u0161ko&nbsp;&#8211;&nbsp;slavonske \u017eupanije pred odgovaraju\u0107im&nbsp;sportskim&nbsp;udru\u017eenjima;&nbsp;vo\u0111enje&nbsp;evidencije&nbsp;o&nbsp;\u010dlanovima&nbsp;i registriranim bo\u0107arima<br>7.&nbsp;Promicanje ljudskih&nbsp;prava i djelovanje na izjedna\u010davanju mogu\u0107nosti osoba s invaliditetom<br>8.&nbsp;Promicanje i za\u0161tita ljudskih prava i temeljnih sloboda osoba&nbsp;s invaliditetom kao i ostalih prava&nbsp;osoba s invaliditetom&nbsp;kroz poticanje, razvoj i provo\u0111enje javnih politika i javnog zagovaranja<br>9.&nbsp;Poticanje&nbsp;i iniciranje preventivnog&nbsp;djelovanja&nbsp;i unapre\u0111enja&nbsp;istra\u017eivanja, lije\u010denja, rehabilitacije i za\u0161tite&nbsp;osoba s invaliditetom<br>10.&nbsp;Primjena&nbsp;UN-ove Konvencije o pravima osoba s invaliditetom<br>11.&nbsp;Primjena&nbsp;Akcijskog plana Vije\u0107a Europe za osobe s invaliditetom za promicanje prava i potpunog sudjelovanja osoba s invaliditetom<br>12.&nbsp;Primjena&nbsp;Nacionalne strategije izjedna\u010davanja mogu\u0107nosti za osobe s invaliditetom<br>13.&nbsp;Primjena&nbsp;EU Kodeksa dobre prakse o pravima i kvaliteti \u017eivota osoba s invaliditetom&nbsp;te drugih dokumenata i zakonskih akata u kojima je obuhva\u0107ena problematika osoba s invaliditetom<br>14.&nbsp;Stvaranje uvjeta za neovisno \u017eivljenje i izjedna\u010davanje mogu\u0107nosti osoba&nbsp;s invaliditetom&nbsp;kroz pru\u017eanje socijalnih usluga osobne asistencije, psihosocijalne podr\u0161ke,&nbsp;pravne i savjetodavne podr\u0161ke,&nbsp;socijalne pomo\u0107i i podr\u0161ke te humanitarne pomo\u0107i<br>15.&nbsp;Promicanje invalidnosti kao ljudskog prava<br>16.&nbsp;Promoviranje&nbsp;principa&nbsp;solidarnosti&nbsp;unutar&nbsp;pokreta&nbsp;osoba&nbsp;s invaliditetom<br>17.&nbsp;Poticanje primjene suvremenih tehnologija<br>18.&nbsp;Poticanje primjene Univerzalnog dizajna<br>19.&nbsp;Poticanje zdravih stilova \u017eivljenja<br>20.&nbsp;Iniciranje i predlaganje nadle\u017enim tijelima mjera za unapre\u0111ivanje       dru\u0161tvenog&nbsp;polo\u017eaja&nbsp;i&nbsp;uloge&nbsp;osoba&nbsp;s&nbsp;invaliditetom&nbsp;te&nbsp;njihove&nbsp;pravne&nbsp;i materijalne za\u0161tite<br>21.&nbsp;Poticanje&nbsp;i&nbsp;podupiranje&nbsp;osnivanja&nbsp;sekcija&nbsp;i&nbsp;klubova,&nbsp;zadruga&nbsp;i ustanova&nbsp;odnosno&nbsp;drugih&nbsp;izvaninstitucionalnih&nbsp;oblika&nbsp;osposobljavanja osoba s invaliditetom&nbsp;te organiziranog kori\u0161tenja slobodnog vremena u cilju socijalizacije i neovisnog \u017eivljenja<br>22.&nbsp;Organiziranje i poticanje suradnje s vladinim i nevladinom udrugama, ustanovama, fondacijama i&nbsp;zakladama<br>23.&nbsp;Poticanje i razvoj svih oblika socijalnog poduzetni\u0161tva<br>24.&nbsp;Uva\u017eavanje&nbsp;pripravnosti&nbsp;na&nbsp;toleranciju,&nbsp;nesebi\u010dnost,&nbsp;timski&nbsp;rad i<br>dogovaranje, po\u0161tivanje uvjerenja drugih ljudi i pozitivni pristup u rje\u0161avanju nastalih problema<br>25.&nbsp;Izgra\u0111ivanje&nbsp;partnerskih&nbsp;odnosa&nbsp;kao&nbsp;temelja&nbsp;me\u0111usobnog uva\u017eavanja \u010dlanova,&nbsp;provo\u0111enje i financiranje programa i projekata, te jasnog teritorijalnog djelovanja u smislu prikupljanja donacijskih i financijskih sredstava na podru\u010dju \u017eupanije u kojoj je udruga registrirana<br>26.&nbsp;Osna\u017eivanje&nbsp;ukupne&nbsp;organizacijske&nbsp;strukture,&nbsp;udru\u017eivanje,financiranje,&nbsp;zakonodavna&nbsp;regulativa,&nbsp;zapo\u0161ljavanje&nbsp;i me\u0111unarodna suradnja.<\/p>\n\n\n\n<figure class=\"wp-block-gallery has-nested-images columns-default is-cropped wp-block-gallery-1 is-layout-flex wp-block-gallery-is-layout-flex\">\n<figure class=\"wp-block-image size-large\"><img loading=\"lazy\" decoding=\"async\" width=\"579\" height=\"947\" data-id=\"401\" src=\"https:\/\/bkosi-nada-pozega.hr\/wp-content\/uploads\/2024\/09\/305960486_1410126849509677_8143030085955907106_n.jpg\" alt=\"\" class=\"wp-image-401\" srcset=\"https:\/\/bkosi-nada-pozega.hr\/wp-content\/uploads\/2024\/09\/305960486_1410126849509677_8143030085955907106_n.jpg 579w, https:\/\/bkosi-nada-pozega.hr\/wp-content\/uploads\/2024\/09\/305960486_1410126849509677_8143030085955907106_n-183x300.jpg 183w\" sizes=\"auto, (max-width: 579px) 100vw, 579px\" \/><\/figure>\n\n\n\n<figure class=\"wp-block-image size-large\"><img loading=\"lazy\" decoding=\"async\" width=\"1024\" height=\"768\" data-id=\"363\" src=\"https:\/\/bkosi-nada-pozega.hr\/wp-content\/uploads\/2024\/09\/IMG-20231028-WA0055-1024x768.jpg\" alt=\"\" class=\"wp-image-363\" srcset=\"https:\/\/bkosi-nada-pozega.hr\/wp-content\/uploads\/2024\/09\/IMG-20231028-WA0055-1024x768.jpg 1024w, https:\/\/bkosi-nada-pozega.hr\/wp-content\/uploads\/2024\/09\/IMG-20231028-WA0055-300x225.jpg 300w, https:\/\/bkosi-nada-pozega.hr\/wp-content\/uploads\/2024\/09\/IMG-20231028-WA0055-768x576.jpg 768w, https:\/\/bkosi-nada-pozega.hr\/wp-content\/uploads\/2024\/09\/IMG-20231028-WA0055-1536x1152.jpg 1536w, https:\/\/bkosi-nada-pozega.hr\/wp-content\/uploads\/2024\/09\/IMG-20231028-WA0055.jpg 2016w\" sizes=\"auto, (max-width: 1024px) 100vw, 1024px\" \/><\/figure>\n<\/figure>\n\n\n\n<p>NA\u0160I INTERESI:<\/p>\n\n\n\n<ul class=\"wp-block-list\">\n<li>Stvaranje mre\u017ee suradnje i potpore me\u0111u klubovima;<\/li>\n\n\n\n<li>Ostvarivanje veza i suradnji s Hrvatskim \u0161portskim savezom, Hrvatskim paraolimpijskim odborom, Hrvatskim savezom bo\u0107anja osoba s invaliditetom, te s drugim Udrugama i Savezima koji propagiraju \u0161port za osobe s invaliditetom;<\/li>\n\n\n\n<li>Edukacija osoba zainteresiranih za realizaciju programa bo\u0107anja za osobe s invaliditetom;<\/li>\n\n\n\n<li>Poticanje \u0161portskog stvarala\u0161tva i stvaranje uvjeta za postizanje \u0161to ve\u0107ih dometa u \u0161portu za osobe s invaliditetom;<\/li>\n\n\n\n<li>Standardizacija programa za bo\u0107anje osoba s invaliditetom i prate\u0107ih sadr\u017eaja (tehni\u010dki uvjeti, stupanj i kvaliteta educiranosti osoblja koje izvodi program) u skladu s pozitivnim iskustvima i saznanjima srodnih organizacija u Hrvatskoj i svijetu;<\/li>\n\n\n\n<li>Ostvarivanje me\u0111unarodnih kontakata i suradnja sa sli\u010dnim me\u0111unarodnim klubovima i organizacijama;<\/li>\n\n\n\n<li>Organizacija prezentacija, natjecanja i sli\u010dnih javnih manifestacija za ostvarenje temeljnog cilja osnivanja Kluba;<\/li>\n\n\n\n<li>Pribavljanje sredstava za djelatnost putem marketinga, reklama, sponzorskih donacija (tuzemnih i inozemnih);<\/li>\n\n\n\n<li>Obavljanje drugih djelatnosti dozvoljenih pravnim normama RH koje mogu doprinijeti ostvarenju temeljnog cilja postojanja Kluba;<\/li>\n\n\n\n<li>Suradnja s fizi\u010dkim i pravnim osobama koje svojim radom poma\u017eu ostvarenje cilja Kluba;<\/li>\n\n\n\n<li>Humanitarna djelatnost koja \u0107e se obavljati prikupljanjem materijalnih i financijskih dobara iz tuzemstva i inozemstva, te njihovom raspodjelom socijalno ugro\u017eenim \u010dlanovima Kluba ( osobama s invaliditetom), a u svrhu pobolj\u0161anja za\u0161tite zdravlja, osiguranja i pobolj\u0161anja kvalitete \u017eivljenja osoba s invaliditetom i njihovih \u010dlanova obitelji;<\/li>\n\n\n\n<li>Obrazovanje za demokratsko gra\u0111anstvo &#8211; promicanje nenasilja i izgradnja mira, prevencija nasilja, prevencija nasilja u obitelji, promicanje i razvoj volonterstva, promicanje dru\u0161tvene solidarnosti, promicanje dobrog upravljanja, pra\u0107enje javnih politika i javno zagovaranje, razvoj civilnog dru\u0161tva, razvoj lokalne zajednice, javno informiranje i mediji, proizvodnja medijskih sadr\u017eaja;<\/li>\n\n\n\n<li>Promicanje razvoja socijalnog poduzetni\u0161tva;<\/li>\n\n\n\n<li>Besplatna pravna pomo\u0107, pravo na pristup informacijama, suzbijanje i za\u0161tita od diskriminacije, za\u0161tita prava osoba s invaliditetom, za\u0161tita osoba s mentalnom o\u0161te\u0107enjem, prava osoba starije \u017eivotne dobi, za\u0161tita prava pacijenata, razvojna suradnja, ljudska prava, me\u0111unarodna humanitarna pomo\u0107;<\/li>\n\n\n\n<li>Odgoj i obrazovanje &#8211; cjelo\u017eivotno u\u010denje i obrazovanje odraslih, izvaninstitucionalni odgoj i obrazovanje, potpora obrazovanju djece i mladih s posebnim potrebama;<\/li>\n\n\n\n<li>Socijalna pomo\u0107 i podr\u0161ka, pomo\u0107 i podr\u0161ka starijim osobama, pomo\u0107 i podr\u0161ka osoba s invaliditetom, pomo\u0107 i podr\u0161ka mladima, pomo\u0107 i podr\u0161ka osobama u riziku od siroma\u0161tva i socijalne isklju\u010denosti, pomo\u0107 i podr\u0161ka obitelji, ostale djelatnosti socijalne pomo\u0107i i podr\u0161ke;<\/li>\n\n\n\n<li>Savjetovanje i pomaganje, pomo\u0107 u ku\u0107i, psihosocijalna podr\u0161ka, boravak, smje\u0161taj, organizirano stanovanje, prevencija nasilja, stru\u010dna pomo\u0107 i podr\u0161ka, organiziranje slobodnih aktivnosti, pomo\u0107 i podr\u0161ka u vlastitom domu i zajednici, rehabilitacija, osobna asistencija, ostale djelatnosti socijalnih usluga, humanitarna pomo\u0107, pobolj\u0161anje kvalitete \u017eivota i zdravlja socijalno isklju\u010denih, pomo\u0107 u podmirenju osnovnih \u017eivotnih potreba, ostale djelatnosti humanitarne pomo\u0107i, ostale socijalne djelatnosti;<\/li>\n\n\n\n<li>Sudjelovanje u sportskim natjecanjima, sportska priprema, sportska poduka, sportska rekreacija, grupni fitnes programi (aerobic, fitnes, pilates dr.), individualni fitnes programi, tjelesne aktivnosti i igre koje se organizirano izvode radi unapre\u0111enja zdravlja i rekreacije, organiziranje i provo\u0111enje rekreacijskog vje\u017ebanja, organiziranje sportsko rekreacijskih natjecanja i sportsko rekreativnih edukativnih projekata i programa, ostale djelatnosti sportske rekreacije, organiziranje i provo\u0111enje sportskih natjecanja i sportskih priredbi, organiziranje i provo\u0111enje pustolovnih, vi\u0161esportskih i dr. projekata, susreta i turnira, organiziranje sportskih edukativnih projekata i programa (kampovi, \u0160kole, priredbe, festivali, radionice) za poticanje bavljenja sportom i tjelesnim vje\u017ebanjem, ostale djelatnosti organiziranja i provo\u0111enja sportskih natjecanja i sportskih priredbi, upravljanje sportskim objektima, organiziranje i provo\u0111enje adaptiranog i zdravstveno usmjerenog tjelesnog vje\u017ebanja, organiziranje i razvijanje sportskih udruga i sportskih djelatnosti, promicanje sporta i zdravog na\u010dina \u017eivljenja, ostale djelatnosti u sportu;<\/li>\n\n\n\n<li>Preventivno djelovanje, unapre\u0111enje i za\u0161tita zdravlja, prevencija i za\u0161tita mentalnog zdravlja, stvaranje uvjeta za \u0161to kvalitetniji \u017eivot oboljelih od kroni\u010dnih bolesti, unapre\u0111enje kvalitete \u017eivota osoba starijih dobi, ostale djelatnosti preventivnog djelovanja, unapre\u0111enja i za\u0161tite zdravlja, ostale djelatnosti u podru\u010dju za\u0161tite zdravlja;<\/li>\n\n\n\n<li>Razvoj demokratske politi\u010dke kulture; gospodarstvo; ljudska prava; me\u0111unarodna suradnja; obrazovanje, znanost i istra\u017eivanje; socijalna djelatnost; sport; za\u0161tita zdravlja.<\/li>\n<\/ul>\n\n\n\n<p><\/p>\n","protected":false},"excerpt":{"rendered":"<p>PARASPORTSKI BOCCIA KLUB &#8220;NADA&#8221; PO\u017dEGA je neprofitna i humanitarna organizacija koja okuplja osobe s tjelesnim o\u0161te\u0107enjima koje su oboljele od cerebralne i dje\u010dje paralize, distrofije mi\u0161i\u0107a i ostalih srodnih tjelesnih o\u0161te\u0107enja, odnosno osobe koje boluju od kroni\u010dnih nezaraznih bolesti koje uzrokuju trajna o\u0161te\u0107enja. Udruga ima bogato iskustvo u provo\u0111enju sportskih aktivnosti i zdravstvenih programa i [&hellip;]<\/p>\n","protected":false},"author":1,"featured_media":0,"parent":0,"menu_order":0,"comment_status":"closed","ping_status":"closed","template":"","meta":{"_starter_page_template":"","_wpcom_template_layout_category":[],"footnotes":""},"class_list":["post-25","page","type-page","status-publish","hentry"],"_links":{"self":[{"href":"https:\/\/bkosi-nada-pozega.hr\/index.php\/wp-json\/wp\/v2\/pages\/25","targetHints":{"allow":["GET"]}}],"collection":[{"href":"https:\/\/bkosi-nada-pozega.hr\/index.php\/wp-json\/wp\/v2\/pages"}],"about":[{"href":"https:\/\/bkosi-nada-pozega.hr\/index.php\/wp-json\/wp\/v2\/types\/page"}],"author":[{"embeddable":true,"href":"https:\/\/bkosi-nada-pozega.hr\/index.php\/wp-json\/wp\/v2\/users\/1"}],"replies":[{"embeddable":true,"href":"https:\/\/bkosi-nada-pozega.hr\/index.php\/wp-json\/wp\/v2\/comments?post=25"}],"version-history":[{"count":7,"href":"https:\/\/bkosi-nada-pozega.hr\/index.php\/wp-json\/wp\/v2\/pages\/25\/revisions"}],"predecessor-version":[{"id":1002,"href":"https:\/\/bkosi-nada-pozega.hr\/index.php\/wp-json\/wp\/v2\/pages\/25\/revisions\/1002"}],"wp:attachment":[{"href":"https:\/\/bkosi-nada-pozega.hr\/index.php\/wp-json\/wp\/v2\/media?parent=25"}],"curies":[{"name":"wp","href":"https:\/\/api.w.org\/{rel}","templated":true}]}}