{"id":244,"date":"2024-09-27T07:27:06","date_gmt":"2024-09-27T07:27:06","guid":{"rendered":"https:\/\/bkosi-nada-pozega.hr\/?page_id=244"},"modified":"2025-09-02T17:26:50","modified_gmt":"2025-09-02T17:26:50","slug":"doniraj","status":"publish","type":"page","link":"https:\/\/bkosi-nada-pozega.hr\/index.php\/doniraj\/","title":{"rendered":"Pomozite nam svojom donacijom!"},"content":{"rendered":"\n<div class=\"wp-block-cover is-light wp-duotone-midnight\"><img loading=\"lazy\" decoding=\"async\" width=\"2048\" height=\"1536\" class=\"wp-block-cover__image-background wp-image-555\" alt=\"\" src=\"https:\/\/bkosi-nada-pozega.hr\/wp-content\/uploads\/2024\/09\/339146200_245483321212819_8412655929723822589_n.jpg\" data-object-fit=\"cover\" srcset=\"https:\/\/bkosi-nada-pozega.hr\/wp-content\/uploads\/2024\/09\/339146200_245483321212819_8412655929723822589_n.jpg 2048w, https:\/\/bkosi-nada-pozega.hr\/wp-content\/uploads\/2024\/09\/339146200_245483321212819_8412655929723822589_n-300x225.jpg 300w, https:\/\/bkosi-nada-pozega.hr\/wp-content\/uploads\/2024\/09\/339146200_245483321212819_8412655929723822589_n-1024x768.jpg 1024w, https:\/\/bkosi-nada-pozega.hr\/wp-content\/uploads\/2024\/09\/339146200_245483321212819_8412655929723822589_n-768x576.jpg 768w, https:\/\/bkosi-nada-pozega.hr\/wp-content\/uploads\/2024\/09\/339146200_245483321212819_8412655929723822589_n-1536x1152.jpg 1536w\" sizes=\"auto, (max-width: 2048px) 100vw, 2048px\" \/><span aria-hidden=\"true\" class=\"wp-block-cover__background has-white-background-color has-background-dim-20 has-background-dim\"><\/span><div class=\"wp-block-cover__inner-container has-global-padding is-layout-constrained wp-block-cover-is-layout-constrained\">\n<p class=\"has-text-align-center has-white-color has-text-color has-link-color has-gigantic-font-size wp-elements-03e7a2bc7e35bf6988efc5107a95619a\">Hvala vam!<\/p>\n<\/div><\/div>\n\n\n\n<p>Svaka donacija, bez obzira na njenu veli\u010dinu, dar je od srca koji \u0107e pomo\u0107i na\u0161oj organizaciji da se dalje razvija, a njenim \u010dlanovima omogu\u0107iti kvalitetnije sudjelovanje u sportskim i drugim aktivnostima i bolju inkluziju u dru\u0161tvu.<\/p>\n\n\n\n<p>Svoje donacije mo\u017eete uplatiti na \u017eiro-ra\u010dun bo\u0107arskog kluba op\u0107om uplatnicom. <\/p>\n\n\n\n<p><\/p>\n\n\n\n<p><strong>Podaci za uplatu:<\/strong><\/p>\n\n\n\n<p class=\"has-text-align-left has-base-color has-primary-background-color has-text-color has-background has-link-color wp-elements-7dfd3216dc50edcfe3a466404f882754\">Primatelj: <strong>PARASPORTSKI BOCCIA KLUB &#8220;NADA&#8221; PO\u017dEGA<\/strong><\/p>\n\n\n\n<p><strong>Adresa:<\/strong> Trg Svetog Trojstva 13<\/p>\n\n\n\n<p><strong>Mjesto\/sjedi\u0161te primatelja:<\/strong> 34000 Po\u017eega<\/p>\n\n\n\n<p><strong>IBAN:<\/strong> HR8223400091111098154 PBZ<\/p>\n\n\n\n<p><strong>OIB:&nbsp;<\/strong>23975022309<\/p>\n\n\n\n<p><strong>Opis pla\u0107anja:<\/strong>&nbsp;Donacija<\/p>\n\n\n\n<p><\/p>\n","protected":false},"excerpt":{"rendered":"<p>Svaka donacija, bez obzira na njenu veli\u010dinu, dar je od srca koji \u0107e pomo\u0107i na\u0161oj organizaciji da se dalje razvija, a njenim \u010dlanovima omogu\u0107iti kvalitetnije sudjelovanje u sportskim i drugim aktivnostima i bolju inkluziju u dru\u0161tvu. Svoje donacije mo\u017eete uplatiti na \u017eiro-ra\u010dun bo\u0107arskog kluba op\u0107om uplatnicom. Podaci za uplatu: Primatelj: PARASPORTSKI BOCCIA KLUB &#8220;NADA&#8221; PO\u017dEGA [&hellip;]<\/p>\n","protected":false},"author":3,"featured_media":0,"parent":0,"menu_order":0,"comment_status":"closed","ping_status":"closed","template":"","meta":{"_starter_page_template":"","_wpcom_template_layout_category":[],"footnotes":""},"class_list":["post-244","page","type-page","status-publish","hentry"],"_links":{"self":[{"href":"https:\/\/bkosi-nada-pozega.hr\/index.php\/wp-json\/wp\/v2\/pages\/244","targetHints":{"allow":["GET"]}}],"collection":[{"href":"https:\/\/bkosi-nada-pozega.hr\/index.php\/wp-json\/wp\/v2\/pages"}],"about":[{"href":"https:\/\/bkosi-nada-pozega.hr\/index.php\/wp-json\/wp\/v2\/types\/page"}],"author":[{"embeddable":true,"href":"https:\/\/bkosi-nada-pozega.hr\/index.php\/wp-json\/wp\/v2\/users\/3"}],"replies":[{"embeddable":true,"href":"https:\/\/bkosi-nada-pozega.hr\/index.php\/wp-json\/wp\/v2\/comments?post=244"}],"version-history":[{"count":8,"href":"https:\/\/bkosi-nada-pozega.hr\/index.php\/wp-json\/wp\/v2\/pages\/244\/revisions"}],"predecessor-version":[{"id":1003,"href":"https:\/\/bkosi-nada-pozega.hr\/index.php\/wp-json\/wp\/v2\/pages\/244\/revisions\/1003"}],"wp:attachment":[{"href":"https:\/\/bkosi-nada-pozega.hr\/index.php\/wp-json\/wp\/v2\/media?parent=244"}],"curies":[{"name":"wp","href":"https:\/\/api.w.org\/{rel}","templated":true}]}}