{"id":17,"date":"2024-09-24T07:19:54","date_gmt":"2024-09-24T07:19:54","guid":{"rendered":"https:\/\/bkosi-nada-pozega.hr\/?page_id=17"},"modified":"2024-09-26T09:03:37","modified_gmt":"2024-09-26T09:03:37","slug":"info","status":"publish","type":"page","link":"https:\/\/bkosi-nada-pozega.hr\/index.php\/info\/","title":{"rendered":"Info"},"content":{"rendered":"\n<div class=\"wp-block-cover is-light has-section-bg-color has-text-color has-link-color has-large-font-size wp-elements-b6e288a05a6f945659dbf6c244fb190b wp-duotone-purple-yellow\"><span aria-hidden=\"true\" class=\"wp-block-cover__background has-background-dim-40 has-background-dim\" style=\"background-color:#9d6576\"><\/span><img loading=\"lazy\" decoding=\"async\" width=\"2048\" height=\"1536\" class=\"wp-block-cover__image-background wp-image-124\" alt=\"\" src=\"https:\/\/bkosi-nada-pozega.hr\/wp-content\/uploads\/2024\/09\/275615052_1285880705267626_6612271034687039560_n.jpg\" style=\"object-position:49% 71%\" data-object-fit=\"cover\" data-object-position=\"49% 71%\" srcset=\"https:\/\/bkosi-nada-pozega.hr\/wp-content\/uploads\/2024\/09\/275615052_1285880705267626_6612271034687039560_n.jpg 2048w, https:\/\/bkosi-nada-pozega.hr\/wp-content\/uploads\/2024\/09\/275615052_1285880705267626_6612271034687039560_n-300x225.jpg 300w, https:\/\/bkosi-nada-pozega.hr\/wp-content\/uploads\/2024\/09\/275615052_1285880705267626_6612271034687039560_n-1024x768.jpg 1024w, https:\/\/bkosi-nada-pozega.hr\/wp-content\/uploads\/2024\/09\/275615052_1285880705267626_6612271034687039560_n-768x576.jpg 768w, https:\/\/bkosi-nada-pozega.hr\/wp-content\/uploads\/2024\/09\/275615052_1285880705267626_6612271034687039560_n-1536x1152.jpg 1536w\" sizes=\"auto, (max-width: 2048px) 100vw, 2048px\" \/><div class=\"wp-block-cover__inner-container has-global-padding is-layout-constrained wp-block-cover-is-layout-constrained\">\n<blockquote class=\"wp-block-quote is-layout-flow wp-block-quote-is-layout-flow\">\n<p class=\"has-text-align-center has-large-font-size\">\u201cVjeruj da mo\u017ee\u0161 i ve\u0107 si na pola puta do cilja.\u201d \u2013<strong>Theodore Roosevelt<\/strong><\/p>\n<\/blockquote>\n<\/div><\/div>\n\n\n\n<p class=\"has-regular-font-size\">Sve informacije o organizaciji na\u0161ega kluba mo\u017eete prona\u0107i na ovome mjestu!<\/p>\n\n\n\n<p><\/p>\n","protected":false},"excerpt":{"rendered":"<p>Sve informacije o organizaciji na\u0161ega kluba mo\u017eete prona\u0107i na ovome mjestu!<\/p>\n","protected":false},"author":1,"featured_media":0,"parent":0,"menu_order":0,"comment_status":"closed","ping_status":"closed","template":"","meta":{"_starter_page_template":"","_wpcom_template_layout_category":[],"footnotes":""},"class_list":["post-17","page","type-page","status-publish","hentry"],"_links":{"self":[{"href":"https:\/\/bkosi-nada-pozega.hr\/index.php\/wp-json\/wp\/v2\/pages\/17","targetHints":{"allow":["GET"]}}],"collection":[{"href":"https:\/\/bkosi-nada-pozega.hr\/index.php\/wp-json\/wp\/v2\/pages"}],"about":[{"href":"https:\/\/bkosi-nada-pozega.hr\/index.php\/wp-json\/wp\/v2\/types\/page"}],"author":[{"embeddable":true,"href":"https:\/\/bkosi-nada-pozega.hr\/index.php\/wp-json\/wp\/v2\/users\/1"}],"replies":[{"embeddable":true,"href":"https:\/\/bkosi-nada-pozega.hr\/index.php\/wp-json\/wp\/v2\/comments?post=17"}],"version-history":[{"count":5,"href":"https:\/\/bkosi-nada-pozega.hr\/index.php\/wp-json\/wp\/v2\/pages\/17\/revisions"}],"predecessor-version":[{"id":217,"href":"https:\/\/bkosi-nada-pozega.hr\/index.php\/wp-json\/wp\/v2\/pages\/17\/revisions\/217"}],"wp:attachment":[{"href":"https:\/\/bkosi-nada-pozega.hr\/index.php\/wp-json\/wp\/v2\/media?parent=17"}],"curies":[{"name":"wp","href":"https:\/\/api.w.org\/{rel}","templated":true}]}}